{"id":7371,"date":"2024-05-29T15:14:03","date_gmt":"2024-05-29T13:14:03","guid":{"rendered":"https:\/\/bijouteriefarjou.fr\/?page_id=7371"},"modified":"2024-05-29T15:18:28","modified_gmt":"2024-05-29T13:18:28","slug":"reparation","status":"publish","type":"page","link":"https:\/\/bijouteriefarjou.fr\/index.php\/reparation\/","title":{"rendered":"R\u00c9PARATIONS"},"content":{"rendered":"\t\t<div data-elementor-type=\"wp-post\" data-elementor-id=\"7371\" class=\"elementor elementor-7371\">\n\t\t\t\t\t\t<section class=\"elementor-section elementor-top-section elementor-element elementor-element-28d7a9a8 elementor-section-stretched elementor-section-boxed elementor-section-height-default elementor-section-height-default\" data-id=\"28d7a9a8\" data-element_type=\"section\" data-settings=\"{&quot;stretch_section&quot;:&quot;section-stretched&quot;,&quot;background_background&quot;:&quot;classic&quot;}\">\n\t\t\t\t\t\t<div class=\"elementor-container elementor-column-gap-no\">\n\t\t\t\t\t<div class=\"elementor-column elementor-col-100 elementor-top-column elementor-element elementor-element-585bfc6d\" data-id=\"585bfc6d\" data-element_type=\"column\">\n\t\t\t<div class=\"elementor-widget-wrap elementor-element-populated\">\n\t\t\t\t\t\t<section class=\"elementor-section elementor-inner-section elementor-element elementor-element-35cbf0ea elementor-section-boxed elementor-section-height-default elementor-section-height-default\" data-id=\"35cbf0ea\" data-element_type=\"section\">\n\t\t\t\t\t\t<div class=\"elementor-container elementor-column-gap-default\">\n\t\t\t\t\t<div class=\"elementor-column elementor-col-50 elementor-inner-column elementor-element elementor-element-26a1609a\" data-id=\"26a1609a\" data-element_type=\"column\">\n\t\t\t<div class=\"elementor-widget-wrap elementor-element-populated\">\n\t\t\t\t\t\t<div class=\"elementor-element elementor-element-64a60170 elementor-invisible elementor-widget elementor-widget-heading\" data-id=\"64a60170\" data-element_type=\"widget\" data-settings=\"{&quot;_animation&quot;:&quot;fadeInUp&quot;}\" data-widget_type=\"heading.default\">\n\t\t\t\t<div class=\"elementor-widget-container\">\n\t\t\t<style>\/*! elementor - v3.21.0 - 26-05-2024 *\/\n.elementor-heading-title{padding:0;margin:0;line-height:1}.elementor-widget-heading .elementor-heading-title[class*=elementor-size-]>a{color:inherit;font-size:inherit;line-height:inherit}.elementor-widget-heading .elementor-heading-title.elementor-size-small{font-size:15px}.elementor-widget-heading .elementor-heading-title.elementor-size-medium{font-size:19px}.elementor-widget-heading .elementor-heading-title.elementor-size-large{font-size:29px}.elementor-widget-heading .elementor-heading-title.elementor-size-xl{font-size:39px}.elementor-widget-heading .elementor-heading-title.elementor-size-xxl{font-size:59px}<\/style><h1 class=\"elementor-heading-title elementor-size-default\">R\u00e9parations<\/h1>\t\t<\/div>\n\t\t\t\t<\/div>\n\t\t\t\t<div class=\"elementor-element elementor-element-3a6d1332 elementor-invisible elementor-widget elementor-widget-heading\" data-id=\"3a6d1332\" data-element_type=\"widget\" data-settings=\"{&quot;_animation&quot;:&quot;fadeInDown&quot;}\" data-widget_type=\"heading.default\">\n\t\t\t\t<div class=\"elementor-widget-container\">\n\t\t\t<h2 class=\"elementor-heading-title elementor-size-default\">Montres &amp; Bijoux<\/h2>\t\t<\/div>\n\t\t\t\t<\/div>\n\t\t\t\t\t<\/div>\n\t\t<\/div>\n\t\t\t\t<div class=\"elementor-column elementor-col-50 elementor-inner-column elementor-element elementor-element-bf6295e\" data-id=\"bf6295e\" data-element_type=\"column\">\n\t\t\t<div class=\"elementor-widget-wrap\">\n\t\t\t\t\t\t\t<\/div>\n\t\t<\/div>\n\t\t\t\t\t<\/div>\n\t\t<\/section>\n\t\t\t\t\t<\/div>\n\t\t<\/div>\n\t\t\t\t\t<\/div>\n\t\t<\/section>\n\t\t<div class=\"elementor-element elementor-element-c31cd01 e-flex e-con-boxed e-con e-parent\" data-id=\"c31cd01\" data-element_type=\"container\">\n\t\t\t\t\t<div class=\"e-con-inner\">\n\t\t\t\t<div class=\"elementor-element elementor-element-cdeac54 elementor-widget elementor-widget-spacer\" data-id=\"cdeac54\" data-element_type=\"widget\" data-widget_type=\"spacer.default\">\n\t\t\t\t<div class=\"elementor-widget-container\">\n\t\t\t<style>\/*! elementor - v3.21.0 - 26-05-2024 *\/\n.elementor-column .elementor-spacer-inner{height:var(--spacer-size)}.e-con{--container-widget-width:100%}.e-con-inner>.elementor-widget-spacer,.e-con>.elementor-widget-spacer{width:var(--container-widget-width,var(--spacer-size));--align-self:var(--container-widget-align-self,initial);--flex-shrink:0}.e-con-inner>.elementor-widget-spacer>.elementor-widget-container,.e-con>.elementor-widget-spacer>.elementor-widget-container{height:100%;width:100%}.e-con-inner>.elementor-widget-spacer>.elementor-widget-container>.elementor-spacer,.e-con>.elementor-widget-spacer>.elementor-widget-container>.elementor-spacer{height:100%}.e-con-inner>.elementor-widget-spacer>.elementor-widget-container>.elementor-spacer>.elementor-spacer-inner,.e-con>.elementor-widget-spacer>.elementor-widget-container>.elementor-spacer>.elementor-spacer-inner{height:var(--container-widget-height,var(--spacer-size))}.e-con-inner>.elementor-widget-spacer.elementor-widget-empty,.e-con>.elementor-widget-spacer.elementor-widget-empty{position:relative;min-height:22px;min-width:22px}.e-con-inner>.elementor-widget-spacer.elementor-widget-empty .elementor-widget-empty-icon,.e-con>.elementor-widget-spacer.elementor-widget-empty .elementor-widget-empty-icon{position:absolute;top:0;bottom:0;left:0;right:0;margin:auto;padding:0;width:22px;height:22px}<\/style>\t\t<div class=\"elementor-spacer\">\n\t\t\t<div class=\"elementor-spacer-inner\"><\/div>\n\t\t<\/div>\n\t\t\t\t<\/div>\n\t\t\t\t<\/div>\n\t\t\t\t<div class=\"elementor-element elementor-element-533ca47 elementor-widget elementor-widget-heading\" data-id=\"533ca47\" data-element_type=\"widget\" data-widget_type=\"heading.default\">\n\t\t\t\t<div class=\"elementor-widget-container\">\n\t\t\t<h2 class=\"elementor-heading-title elementor-size-default\">R\u00e9parations Montres &amp; Bijoux : Votre Artisan de Confiance<\/h2>\t\t<\/div>\n\t\t\t\t<\/div>\n\t\t\t\t<div class=\"elementor-element elementor-element-8ca37ca elementor-widget elementor-widget-text-editor\" data-id=\"8ca37ca\" data-element_type=\"widget\" data-widget_type=\"text-editor.default\">\n\t\t\t\t<div class=\"elementor-widget-container\">\n\t\t\t<style>\/*! elementor - v3.21.0 - 26-05-2024 *\/\n.elementor-widget-text-editor.elementor-drop-cap-view-stacked .elementor-drop-cap{background-color:#69727d;color:#fff}.elementor-widget-text-editor.elementor-drop-cap-view-framed .elementor-drop-cap{color:#69727d;border:3px solid;background-color:transparent}.elementor-widget-text-editor:not(.elementor-drop-cap-view-default) .elementor-drop-cap{margin-top:8px}.elementor-widget-text-editor:not(.elementor-drop-cap-view-default) .elementor-drop-cap-letter{width:1em;height:1em}.elementor-widget-text-editor .elementor-drop-cap{float:left;text-align:center;line-height:1;font-size:50px}.elementor-widget-text-editor .elementor-drop-cap-letter{display:inline-block}<\/style>\t\t\t\t<p>\u00a0Forts de notre exp\u00e9rience et de notre savoir-faire, nous offrons des services de restauration et de r\u00e9paration pour redonner vie \u00e0 vos pr\u00e9cieux objets.<\/p>\t\t\t\t\t\t<\/div>\n\t\t\t\t<\/div>\n\t\t\t\t\t<\/div>\n\t\t\t\t<\/div>\n\t\t\t\t<section class=\"elementor-section elementor-top-section elementor-element elementor-element-983905d elementor-section-boxed elementor-section-height-default elementor-section-height-default\" data-id=\"983905d\" data-element_type=\"section\">\n\t\t\t\t\t\t<div class=\"elementor-container elementor-column-gap-wider\">\n\t\t\t\t\t<div class=\"elementor-column elementor-col-50 elementor-top-column elementor-element elementor-element-7310116 elementor-invisible\" data-id=\"7310116\" data-element_type=\"column\" data-settings=\"{&quot;animation&quot;:&quot;fadeIn&quot;}\">\n\t\t\t<div class=\"elementor-widget-wrap elementor-element-populated\">\n\t\t\t\t\t\t<div class=\"elementor-element elementor-element-5867941f elementor-widget elementor-widget-heading\" data-id=\"5867941f\" data-element_type=\"widget\" data-widget_type=\"heading.default\">\n\t\t\t\t<div class=\"elementor-widget-container\">\n\t\t\t<h6 class=\"elementor-heading-title elementor-size-default\">Expertise et D\u00e9licatesse pour R\u00e9parer vos Tr\u00e9sors Pr\u00e9cieux<\/h6>\t\t<\/div>\n\t\t\t\t<\/div>\n\t\t\t\t<div class=\"elementor-element elementor-element-3d3af9e7 title-left elementor-widget elementor-widget-heading\" data-id=\"3d3af9e7\" data-element_type=\"widget\" data-widget_type=\"heading.default\">\n\t\t\t\t<div class=\"elementor-widget-container\">\n\t\t\t<h2 class=\"elementor-heading-title elementor-size-default\">Offrez une Nouvelle Vie \u00e0 Vos Bijoux<\/h2>\t\t<\/div>\n\t\t\t\t<\/div>\n\t\t\t\t<div class=\"elementor-element elementor-element-e710402 elementor-widget elementor-widget-text-editor\" data-id=\"e710402\" data-element_type=\"widget\" data-widget_type=\"text-editor.default\">\n\t\t\t\t<div class=\"elementor-widget-container\">\n\t\t\t\t\t\t\t<p>D\u00e9couvrez notre service de r\u00e9paration de bijoux, o\u00f9 chaque pi\u00e8ce retrouve son \u00e9clat d&rsquo;origine. Nos artisans exp\u00e9riment\u00e9s redonnent vie \u00e0 vos bagues, colliers et boucles d&rsquo;oreilles avec savoir-faire et passion. Confiez-nous vos tr\u00e9sors les plus pr\u00e9cieux et laissez-nous les transformer. Parce que chaque bijou m\u00e9rite une seconde chance, et chaque histoire m\u00e9rite d&rsquo;\u00eatre pr\u00e9serv\u00e9e.<\/p>\t\t\t\t\t\t<\/div>\n\t\t\t\t<\/div>\n\t\t\t\t\t<\/div>\n\t\t<\/div>\n\t\t\t\t<div class=\"elementor-column elementor-col-50 elementor-top-column elementor-element elementor-element-34c609e elementor-invisible\" data-id=\"34c609e\" data-element_type=\"column\" data-settings=\"{&quot;animation&quot;:&quot;fadeIn&quot;,&quot;animation_delay&quot;:200}\">\n\t\t\t<div class=\"elementor-widget-wrap elementor-element-populated\">\n\t\t\t\t\t\t<div class=\"elementor-element elementor-element-c04a566 animated-fast elementor-invisible elementor-widget elementor-widget-image\" data-id=\"c04a566\" data-element_type=\"widget\" data-settings=\"{&quot;_animation&quot;:&quot;fadeIn&quot;}\" data-widget_type=\"image.default\">\n\t\t\t\t<div class=\"elementor-widget-container\">\n\t\t\t<style>\/*! elementor - v3.21.0 - 26-05-2024 *\/\n.elementor-widget-image{text-align:center}.elementor-widget-image a{display:inline-block}.elementor-widget-image a img[src$=\".svg\"]{width:48px}.elementor-widget-image img{vertical-align:middle;display:inline-block}<\/style>\t\t\t\t\t\t\t\t\t\t<img fetchpriority=\"high\" decoding=\"async\" width=\"2560\" height=\"2560\" src=\"https:\/\/bijouteriefarjou.fr\/wp-content\/uploads\/2024\/05\/tessa-edmiston-ECr_8nuXpBA-unsplash-scaled.jpg\" class=\"attachment-full size-full wp-image-7231\" alt=\"\" srcset=\"https:\/\/bijouteriefarjou.fr\/wp-content\/uploads\/2024\/05\/tessa-edmiston-ECr_8nuXpBA-unsplash-scaled.jpg 2560w, https:\/\/bijouteriefarjou.fr\/wp-content\/uploads\/2024\/05\/tessa-edmiston-ECr_8nuXpBA-unsplash-300x300.jpg 300w, https:\/\/bijouteriefarjou.fr\/wp-content\/uploads\/2024\/05\/tessa-edmiston-ECr_8nuXpBA-unsplash-1024x1024.jpg 1024w, https:\/\/bijouteriefarjou.fr\/wp-content\/uploads\/2024\/05\/tessa-edmiston-ECr_8nuXpBA-unsplash-150x150.jpg 150w, https:\/\/bijouteriefarjou.fr\/wp-content\/uploads\/2024\/05\/tessa-edmiston-ECr_8nuXpBA-unsplash-768x768.jpg 768w, https:\/\/bijouteriefarjou.fr\/wp-content\/uploads\/2024\/05\/tessa-edmiston-ECr_8nuXpBA-unsplash-1536x1536.jpg 1536w, https:\/\/bijouteriefarjou.fr\/wp-content\/uploads\/2024\/05\/tessa-edmiston-ECr_8nuXpBA-unsplash-2048x2048.jpg 2048w, https:\/\/bijouteriefarjou.fr\/wp-content\/uploads\/2024\/05\/tessa-edmiston-ECr_8nuXpBA-unsplash-990x990.jpg 990w, https:\/\/bijouteriefarjou.fr\/wp-content\/uploads\/2024\/05\/tessa-edmiston-ECr_8nuXpBA-unsplash-441x441.jpg 441w, https:\/\/bijouteriefarjou.fr\/wp-content\/uploads\/2024\/05\/tessa-edmiston-ECr_8nuXpBA-unsplash-100x100.jpg 100w, https:\/\/bijouteriefarjou.fr\/wp-content\/uploads\/2024\/05\/tessa-edmiston-ECr_8nuXpBA-unsplash-24x24.jpg 24w, https:\/\/bijouteriefarjou.fr\/wp-content\/uploads\/2024\/05\/tessa-edmiston-ECr_8nuXpBA-unsplash-36x36.jpg 36w, https:\/\/bijouteriefarjou.fr\/wp-content\/uploads\/2024\/05\/tessa-edmiston-ECr_8nuXpBA-unsplash-48x48.jpg 48w, https:\/\/bijouteriefarjou.fr\/wp-content\/uploads\/2024\/05\/tessa-edmiston-ECr_8nuXpBA-unsplash-800x800.jpg 800w\" sizes=\"(max-width: 360px) 147px, (max-width: 2560px) 100vw, 2560px\" \/>\t\t\t\t\t\t\t\t\t\t\t\t\t<\/div>\n\t\t\t\t<\/div>\n\t\t\t\t\t<\/div>\n\t\t<\/div>\n\t\t\t\t\t<\/div>\n\t\t<\/section>\n\t\t<div class=\"elementor-element elementor-element-9bc7a49 e-flex e-con-boxed e-con e-parent\" data-id=\"9bc7a49\" data-element_type=\"container\">\n\t\t\t\t\t<div class=\"e-con-inner\">\n\t\t\t\t<div class=\"elementor-element elementor-element-029bdaa elementor-widget elementor-widget-spacer\" data-id=\"029bdaa\" data-element_type=\"widget\" data-widget_type=\"spacer.default\">\n\t\t\t\t<div class=\"elementor-widget-container\">\n\t\t\t\t\t<div class=\"elementor-spacer\">\n\t\t\t<div class=\"elementor-spacer-inner\"><\/div>\n\t\t<\/div>\n\t\t\t\t<\/div>\n\t\t\t\t<\/div>\n\t\t\t\t<div class=\"elementor-element elementor-element-810a238 elementor-widget elementor-widget-heading\" data-id=\"810a238\" data-element_type=\"widget\" data-widget_type=\"heading.default\">\n\t\t\t\t<div class=\"elementor-widget-container\">\n\t\t\t<h2 class=\"elementor-heading-title elementor-size-default\">Farjou votre expert en r\u00e9parations de montres et bijoux.<\/h2>\t\t<\/div>\n\t\t\t\t<\/div>\n\t\t\t\t<div class=\"elementor-element elementor-element-5cbe607 elementor-widget elementor-widget-text-editor\" data-id=\"5cbe607\" data-element_type=\"widget\" data-widget_type=\"text-editor.default\">\n\t\t\t\t<div class=\"elementor-widget-container\">\n\t\t\t\t\t\t\t<p>Chaque pi\u00e8ce est trait\u00e9e avec le plus grand soin, assurant sa durabilit\u00e9 et son \u00e9clat. Faites confiance \u00e0 nos Bijoutiers pour pr\u00e9server la beaut\u00e9 et la valeur de vos tr\u00e9sors.<\/p>\t\t\t\t\t\t<\/div>\n\t\t\t\t<\/div>\n\t\t\t\t<div class=\"elementor-element elementor-element-f492dd9 elementor-widget elementor-widget-spacer\" data-id=\"f492dd9\" data-element_type=\"widget\" data-widget_type=\"spacer.default\">\n\t\t\t\t<div class=\"elementor-widget-container\">\n\t\t\t\t\t<div class=\"elementor-spacer\">\n\t\t\t<div class=\"elementor-spacer-inner\"><\/div>\n\t\t<\/div>\n\t\t\t\t<\/div>\n\t\t\t\t<\/div>\n\t\t\t\t\t<\/div>\n\t\t\t\t<\/div>\n\t\t\t\t<section class=\"elementor-section elementor-top-section elementor-element elementor-element-bb36c6f elementor-section-boxed elementor-section-height-default elementor-section-height-default\" data-id=\"bb36c6f\" data-element_type=\"section\">\n\t\t\t\t\t\t<div class=\"elementor-container elementor-column-gap-wider\">\n\t\t\t\t\t<div class=\"elementor-column elementor-col-50 elementor-top-column elementor-element elementor-element-2880450 elementor-invisible\" data-id=\"2880450\" data-element_type=\"column\" data-settings=\"{&quot;animation&quot;:&quot;fadeIn&quot;}\">\n\t\t\t<div class=\"elementor-widget-wrap elementor-element-populated\">\n\t\t\t\t\t\t<div class=\"elementor-element elementor-element-db9c3d4 animated-fast elementor-invisible elementor-widget elementor-widget-image\" data-id=\"db9c3d4\" data-element_type=\"widget\" data-settings=\"{&quot;_animation&quot;:&quot;fadeIn&quot;}\" data-widget_type=\"image.default\">\n\t\t\t\t<div class=\"elementor-widget-container\">\n\t\t\t\t\t\t\t\t\t\t\t\t\t<img decoding=\"async\" width=\"800\" height=\"800\" src=\"https:\/\/bijouteriefarjou.fr\/wp-content\/uploads\/2024\/05\/Montres-Bijoux-Percage-Vente-Reparation-Bijouterie-Farjou-Carmaux.jpg\" class=\"attachment-large size-large wp-image-7324\" alt=\"\" srcset=\"https:\/\/bijouteriefarjou.fr\/wp-content\/uploads\/2024\/05\/Montres-Bijoux-Percage-Vente-Reparation-Bijouterie-Farjou-Carmaux.jpg 800w, https:\/\/bijouteriefarjou.fr\/wp-content\/uploads\/2024\/05\/Montres-Bijoux-Percage-Vente-Reparation-Bijouterie-Farjou-Carmaux-300x300.jpg 300w, https:\/\/bijouteriefarjou.fr\/wp-content\/uploads\/2024\/05\/Montres-Bijoux-Percage-Vente-Reparation-Bijouterie-Farjou-Carmaux-150x150.jpg 150w, https:\/\/bijouteriefarjou.fr\/wp-content\/uploads\/2024\/05\/Montres-Bijoux-Percage-Vente-Reparation-Bijouterie-Farjou-Carmaux-768x768.jpg 768w, https:\/\/bijouteriefarjou.fr\/wp-content\/uploads\/2024\/05\/Montres-Bijoux-Percage-Vente-Reparation-Bijouterie-Farjou-Carmaux-441x441.jpg 441w, https:\/\/bijouteriefarjou.fr\/wp-content\/uploads\/2024\/05\/Montres-Bijoux-Percage-Vente-Reparation-Bijouterie-Farjou-Carmaux-100x100.jpg 100w, https:\/\/bijouteriefarjou.fr\/wp-content\/uploads\/2024\/05\/Montres-Bijoux-Percage-Vente-Reparation-Bijouterie-Farjou-Carmaux-24x24.jpg 24w, https:\/\/bijouteriefarjou.fr\/wp-content\/uploads\/2024\/05\/Montres-Bijoux-Percage-Vente-Reparation-Bijouterie-Farjou-Carmaux-36x36.jpg 36w, https:\/\/bijouteriefarjou.fr\/wp-content\/uploads\/2024\/05\/Montres-Bijoux-Percage-Vente-Reparation-Bijouterie-Farjou-Carmaux-48x48.jpg 48w\" sizes=\"(max-width: 360px) 147px, (max-width: 800px) 100vw, 800px\" \/>\t\t\t\t\t\t\t\t\t\t\t\t\t<\/div>\n\t\t\t\t<\/div>\n\t\t\t\t\t<\/div>\n\t\t<\/div>\n\t\t\t\t<div class=\"elementor-column elementor-col-50 elementor-top-column elementor-element elementor-element-7899afa elementor-invisible\" data-id=\"7899afa\" data-element_type=\"column\" data-settings=\"{&quot;animation&quot;:&quot;fadeIn&quot;,&quot;animation_delay&quot;:200}\">\n\t\t\t<div class=\"elementor-widget-wrap elementor-element-populated\">\n\t\t\t\t\t\t<div class=\"elementor-element elementor-element-247d076 elementor-widget elementor-widget-heading\" data-id=\"247d076\" data-element_type=\"widget\" data-widget_type=\"heading.default\">\n\t\t\t\t<div class=\"elementor-widget-container\">\n\t\t\t<h6 class=\"elementor-heading-title elementor-size-default\">Confiez la Restauration de Vos Montres \u00e0 des Artisans Horlogers D\u00e9vou\u00e9s<\/h6>\t\t<\/div>\n\t\t\t\t<\/div>\n\t\t\t\t<div class=\"elementor-element elementor-element-af7dfd6 title-right elementor-widget elementor-widget-heading\" data-id=\"af7dfd6\" data-element_type=\"widget\" data-widget_type=\"heading.default\">\n\t\t\t\t<div class=\"elementor-widget-container\">\n\t\t\t<h2 class=\"elementor-heading-title elementor-size-default\">R\u00e9paration Horlog\u00e8re : Expertise et Pr\u00e9cision au Service de Vos Montres<\/h2>\t\t<\/div>\n\t\t\t\t<\/div>\n\t\t\t\t<div class=\"elementor-element elementor-element-04da751 elementor-widget elementor-widget-text-editor\" data-id=\"04da751\" data-element_type=\"widget\" data-widget_type=\"text-editor.default\">\n\t\t\t\t<div class=\"elementor-widget-container\">\n\t\t\t\t\t\t\t<p>D\u00e9couvrez notre service de r\u00e9paration horlog\u00e8re, o\u00f9 chaque montre est trait\u00e9e avec le plus grand soin et la plus haute expertise. Nos artisans horlogers passionn\u00e9s sont d\u00e9di\u00e9s \u00e0 redonner vie \u00e0 vos pr\u00e9cieuses montres, en veillant \u00e0 pr\u00e9server leur int\u00e9grit\u00e9 et leur fonctionnement optimal. Que ce soit pour une simple r\u00e9vision ou une r\u00e9paration complexe, nous sommes l\u00e0 pour r\u00e9pondre \u00e0 vos besoins avec professionnalisme et pr\u00e9cision. Confiez-nous vos montres et retrouvez la tranquillit\u00e9 d&rsquo;esprit en sachant qu&rsquo;elles sont entre de bonnes mains.<\/p>\t\t\t\t\t\t<\/div>\n\t\t\t\t<\/div>\n\t\t\t\t\t<\/div>\n\t\t<\/div>\n\t\t\t\t\t<\/div>\n\t\t<\/section>\n\t\t\t\t<\/div>\n\t\t","protected":false},"excerpt":{"rendered":"<p>R\u00e9parations Montres &amp; Bijoux R\u00e9parations Montres &amp; Bijoux : Votre Artisan de Confiance \u00a0Forts de notre exp\u00e9rience et de notre savoir-faire, nous offrons des services de restauration et de r\u00e9paration pour redonner vie \u00e0 vos pr\u00e9cieux objets. Expertise et D\u00e9licatesse pour R\u00e9parer vos Tr\u00e9sors Pr\u00e9cieux Offrez une Nouvelle Vie \u00e0 Vos Bijoux D\u00e9couvrez notre service [&hellip;]<\/p>\n","protected":false},"author":1,"featured_media":0,"parent":0,"menu_order":0,"comment_status":"closed","ping_status":"closed","template":"template-fullwidth-no-heading.php","meta":{"footnotes":""},"_links":{"self":[{"href":"https:\/\/bijouteriefarjou.fr\/index.php\/wp-json\/wp\/v2\/pages\/7371"}],"collection":[{"href":"https:\/\/bijouteriefarjou.fr\/index.php\/wp-json\/wp\/v2\/pages"}],"about":[{"href":"https:\/\/bijouteriefarjou.fr\/index.php\/wp-json\/wp\/v2\/types\/page"}],"author":[{"embeddable":true,"href":"https:\/\/bijouteriefarjou.fr\/index.php\/wp-json\/wp\/v2\/users\/1"}],"replies":[{"embeddable":true,"href":"https:\/\/bijouteriefarjou.fr\/index.php\/wp-json\/wp\/v2\/comments?post=7371"}],"version-history":[{"count":6,"href":"https:\/\/bijouteriefarjou.fr\/index.php\/wp-json\/wp\/v2\/pages\/7371\/revisions"}],"predecessor-version":[{"id":7378,"href":"https:\/\/bijouteriefarjou.fr\/index.php\/wp-json\/wp\/v2\/pages\/7371\/revisions\/7378"}],"wp:attachment":[{"href":"https:\/\/bijouteriefarjou.fr\/index.php\/wp-json\/wp\/v2\/media?parent=7371"}],"curies":[{"name":"wp","href":"https:\/\/api.w.org\/{rel}","templated":true}]}}