{"id":7597,"date":"2024-06-19T14:57:01","date_gmt":"2024-06-19T12:57:01","guid":{"rendered":"https:\/\/bijouteriefarjou.fr\/?page_id=7597"},"modified":"2024-06-19T15:20:05","modified_gmt":"2024-06-19T13:20:05","slug":"bagues-2","status":"publish","type":"page","link":"https:\/\/bijouteriefarjou.fr\/index.php\/bagues-2\/","title":{"rendered":"BAGUES"},"content":{"rendered":"\t\t<div data-elementor-type=\"wp-post\" data-elementor-id=\"7597\" class=\"elementor elementor-7597\">\n\t\t\t\t\t\t<section class=\"elementor-section elementor-top-section elementor-element elementor-element-28d7a9a8 elementor-section-stretched elementor-section-boxed elementor-section-height-default elementor-section-height-default\" data-id=\"28d7a9a8\" data-element_type=\"section\" data-settings=\"{&quot;stretch_section&quot;:&quot;section-stretched&quot;,&quot;background_background&quot;:&quot;classic&quot;}\">\n\t\t\t\t\t\t<div class=\"elementor-container elementor-column-gap-no\">\n\t\t\t\t\t<div class=\"elementor-column elementor-col-100 elementor-top-column elementor-element elementor-element-585bfc6d\" data-id=\"585bfc6d\" data-element_type=\"column\">\n\t\t\t<div class=\"elementor-widget-wrap elementor-element-populated\">\n\t\t\t\t\t\t<section class=\"elementor-section elementor-inner-section elementor-element elementor-element-35cbf0ea elementor-section-boxed elementor-section-height-default elementor-section-height-default\" data-id=\"35cbf0ea\" data-element_type=\"section\">\n\t\t\t\t\t\t<div class=\"elementor-container elementor-column-gap-default\">\n\t\t\t\t\t<div class=\"elementor-column elementor-col-50 elementor-inner-column elementor-element elementor-element-26a1609a\" data-id=\"26a1609a\" data-element_type=\"column\">\n\t\t\t<div class=\"elementor-widget-wrap elementor-element-populated\">\n\t\t\t\t\t\t<div class=\"elementor-element elementor-element-64a60170 elementor-invisible elementor-widget elementor-widget-heading\" data-id=\"64a60170\" data-element_type=\"widget\" data-settings=\"{&quot;_animation&quot;:&quot;fadeInUp&quot;}\" data-widget_type=\"heading.default\">\n\t\t\t\t<div class=\"elementor-widget-container\">\n\t\t\t<style>\/*! elementor - v3.21.0 - 26-05-2024 *\/\n.elementor-heading-title{padding:0;margin:0;line-height:1}.elementor-widget-heading .elementor-heading-title[class*=elementor-size-]>a{color:inherit;font-size:inherit;line-height:inherit}.elementor-widget-heading .elementor-heading-title.elementor-size-small{font-size:15px}.elementor-widget-heading .elementor-heading-title.elementor-size-medium{font-size:19px}.elementor-widget-heading .elementor-heading-title.elementor-size-large{font-size:29px}.elementor-widget-heading .elementor-heading-title.elementor-size-xl{font-size:39px}.elementor-widget-heading .elementor-heading-title.elementor-size-xxl{font-size:59px}<\/style><h1 class=\"elementor-heading-title elementor-size-default\">Nos Bagues<\/h1>\t\t<\/div>\n\t\t\t\t<\/div>\n\t\t\t\t<div class=\"elementor-element elementor-element-3a6d1332 elementor-invisible elementor-widget elementor-widget-heading\" data-id=\"3a6d1332\" data-element_type=\"widget\" data-settings=\"{&quot;_animation&quot;:&quot;fadeInDown&quot;}\" data-widget_type=\"heading.default\">\n\t\t\t\t<div class=\"elementor-widget-container\">\n\t\t\t<h2 class=\"elementor-heading-title elementor-size-default\">Hommes &amp; Femmes\nOr Argent Plaqu\u00e9 Or Acier<\/h2>\t\t<\/div>\n\t\t\t\t<\/div>\n\t\t\t\t\t<\/div>\n\t\t<\/div>\n\t\t\t\t<div class=\"elementor-column elementor-col-50 elementor-inner-column elementor-element elementor-element-bf6295e\" data-id=\"bf6295e\" data-element_type=\"column\">\n\t\t\t<div class=\"elementor-widget-wrap\">\n\t\t\t\t\t\t\t<\/div>\n\t\t<\/div>\n\t\t\t\t\t<\/div>\n\t\t<\/section>\n\t\t\t\t\t<\/div>\n\t\t<\/div>\n\t\t\t\t\t<\/div>\n\t\t<\/section>\n\t\t<div class=\"elementor-element elementor-element-c31cd01 e-flex e-con-boxed e-con e-parent\" data-id=\"c31cd01\" data-element_type=\"container\">\n\t\t\t\t\t<div class=\"e-con-inner\">\n\t\t\t\t<div class=\"elementor-element elementor-element-cdeac54 elementor-widget elementor-widget-spacer\" data-id=\"cdeac54\" data-element_type=\"widget\" data-widget_type=\"spacer.default\">\n\t\t\t\t<div class=\"elementor-widget-container\">\n\t\t\t<style>\/*! elementor - v3.21.0 - 26-05-2024 *\/\n.elementor-column .elementor-spacer-inner{height:var(--spacer-size)}.e-con{--container-widget-width:100%}.e-con-inner>.elementor-widget-spacer,.e-con>.elementor-widget-spacer{width:var(--container-widget-width,var(--spacer-size));--align-self:var(--container-widget-align-self,initial);--flex-shrink:0}.e-con-inner>.elementor-widget-spacer>.elementor-widget-container,.e-con>.elementor-widget-spacer>.elementor-widget-container{height:100%;width:100%}.e-con-inner>.elementor-widget-spacer>.elementor-widget-container>.elementor-spacer,.e-con>.elementor-widget-spacer>.elementor-widget-container>.elementor-spacer{height:100%}.e-con-inner>.elementor-widget-spacer>.elementor-widget-container>.elementor-spacer>.elementor-spacer-inner,.e-con>.elementor-widget-spacer>.elementor-widget-container>.elementor-spacer>.elementor-spacer-inner{height:var(--container-widget-height,var(--spacer-size))}.e-con-inner>.elementor-widget-spacer.elementor-widget-empty,.e-con>.elementor-widget-spacer.elementor-widget-empty{position:relative;min-height:22px;min-width:22px}.e-con-inner>.elementor-widget-spacer.elementor-widget-empty .elementor-widget-empty-icon,.e-con>.elementor-widget-spacer.elementor-widget-empty .elementor-widget-empty-icon{position:absolute;top:0;bottom:0;left:0;right:0;margin:auto;padding:0;width:22px;height:22px}<\/style>\t\t<div class=\"elementor-spacer\">\n\t\t\t<div class=\"elementor-spacer-inner\"><\/div>\n\t\t<\/div>\n\t\t\t\t<\/div>\n\t\t\t\t<\/div>\n\t\t\t\t<div class=\"elementor-element elementor-element-533ca47 elementor-widget elementor-widget-heading\" data-id=\"533ca47\" data-element_type=\"widget\" data-widget_type=\"heading.default\">\n\t\t\t\t<div class=\"elementor-widget-container\">\n\t\t\t<h2 class=\"elementor-heading-title elementor-size-default\">Bagues \u00c9l\u00e9gantes pour Tous les Styles et Occasions<\/h2>\t\t<\/div>\n\t\t\t\t<\/div>\n\t\t\t\t<div class=\"elementor-element elementor-element-8ca37ca elementor-widget elementor-widget-text-editor\" data-id=\"8ca37ca\" data-element_type=\"widget\" data-widget_type=\"text-editor.default\">\n\t\t\t\t<div class=\"elementor-widget-container\">\n\t\t\t<style>\/*! elementor - v3.21.0 - 26-05-2024 *\/\n.elementor-widget-text-editor.elementor-drop-cap-view-stacked .elementor-drop-cap{background-color:#69727d;color:#fff}.elementor-widget-text-editor.elementor-drop-cap-view-framed .elementor-drop-cap{color:#69727d;border:3px solid;background-color:transparent}.elementor-widget-text-editor:not(.elementor-drop-cap-view-default) .elementor-drop-cap{margin-top:8px}.elementor-widget-text-editor:not(.elementor-drop-cap-view-default) .elementor-drop-cap-letter{width:1em;height:1em}.elementor-widget-text-editor .elementor-drop-cap{float:left;text-align:center;line-height:1;font-size:50px}.elementor-widget-text-editor .elementor-drop-cap-letter{display:inline-block}<\/style>\t\t\t\t<p>Explorez notre collection diversifi\u00e9e de bagues en or, argent, plaqu\u00e9 or, et acier avec des pierres pr\u00e9cieuses pour hommes et femmes. D\u00e9couvrez notre s\u00e9lection raffin\u00e9e de bagues con\u00e7ues pour toutes les occasions. Que ce soit pour un \u00e9v\u00e9nement traditionnel ou un cadeau sp\u00e9cial, nos bagues en or, argent, plaqu\u00e9 or et acier, orn\u00e9es de pierres pr\u00e9cieuses, ajoutent une touche d\u2019\u00e9l\u00e9gance \u00e0 votre style. Explorez notre collection d\u00e8s aujourd\u2019hui pour trouver la pi\u00e8ce parfaite qui compl\u00e8tera votre look avec finesse.<\/p>\t\t\t\t\t\t<\/div>\n\t\t\t\t<\/div>\n\t\t\t\t\t<\/div>\n\t\t\t\t<\/div>\n\t\t\t\t<section class=\"elementor-section elementor-top-section elementor-element elementor-element-983905d elementor-section-boxed elementor-section-height-default elementor-section-height-default\" data-id=\"983905d\" data-element_type=\"section\">\n\t\t\t\t\t\t<div class=\"elementor-container elementor-column-gap-wider\">\n\t\t\t\t\t<div class=\"elementor-column elementor-col-50 elementor-top-column elementor-element elementor-element-7310116 elementor-invisible\" data-id=\"7310116\" data-element_type=\"column\" data-settings=\"{&quot;animation&quot;:&quot;fadeIn&quot;}\">\n\t\t\t<div class=\"elementor-widget-wrap elementor-element-populated\">\n\t\t\t\t\t\t<div class=\"elementor-element elementor-element-5867941f elementor-widget elementor-widget-heading\" data-id=\"5867941f\" data-element_type=\"widget\" data-widget_type=\"heading.default\">\n\t\t\t\t<div class=\"elementor-widget-container\">\n\t\t\t<h6 class=\"elementor-heading-title elementor-size-default\">Offrir ou S'offrir une Bague : Les Moments Pr\u00e9cieux<\/h6>\t\t<\/div>\n\t\t\t\t<\/div>\n\t\t\t\t<div class=\"elementor-element elementor-element-3d3af9e7 title-left elementor-widget elementor-widget-heading\" data-id=\"3d3af9e7\" data-element_type=\"widget\" data-widget_type=\"heading.default\">\n\t\t\t\t<div class=\"elementor-widget-container\">\n\t\t\t<h2 class=\"elementor-heading-title elementor-size-default\">Offrir ou S'offrir une Bague : Les Moments Pr\u00e9cieux<\/h2>\t\t<\/div>\n\t\t\t\t<\/div>\n\t\t\t\t<div class=\"elementor-element elementor-element-e710402 elementor-widget elementor-widget-text-editor\" data-id=\"e710402\" data-element_type=\"widget\" data-widget_type=\"text-editor.default\">\n\t\t\t\t<div class=\"elementor-widget-container\">\n\t\t\t\t\t\t\t<p>Chez Bijouterie Farjou, chaque bague raconte une histoire unique. Que ce soit pour c\u00e9l\u00e9brer un mariage, marquer des fian\u00e7ailles ou simplement se faire plaisir, nos cr\u00e9ations sont le reflet de vos moments les plus chers. D\u00e9couvrez des pi\u00e8ces \u00e9l\u00e9gantes et intemporelles, con\u00e7ues pour sublimer chaque occasion. Offrez une bague en gage d&rsquo;amour, de promesse ou de r\u00e9ussite personnelle.\u00a0<\/p>\t\t\t\t\t\t<\/div>\n\t\t\t\t<\/div>\n\t\t\t\t\t<\/div>\n\t\t<\/div>\n\t\t\t\t<div class=\"elementor-column elementor-col-50 elementor-top-column elementor-element elementor-element-34c609e elementor-invisible\" data-id=\"34c609e\" data-element_type=\"column\" data-settings=\"{&quot;animation&quot;:&quot;fadeIn&quot;,&quot;animation_delay&quot;:200}\">\n\t\t\t<div class=\"elementor-widget-wrap elementor-element-populated\">\n\t\t\t\t\t\t<div class=\"elementor-element elementor-element-c04a566 animated-fast elementor-invisible elementor-widget elementor-widget-image\" data-id=\"c04a566\" data-element_type=\"widget\" data-settings=\"{&quot;_animation&quot;:&quot;fadeIn&quot;}\" data-widget_type=\"image.default\">\n\t\t\t\t<div class=\"elementor-widget-container\">\n\t\t\t<style>\/*! elementor - v3.21.0 - 26-05-2024 *\/\n.elementor-widget-image{text-align:center}.elementor-widget-image a{display:inline-block}.elementor-widget-image a img[src$=\".svg\"]{width:48px}.elementor-widget-image img{vertical-align:middle;display:inline-block}<\/style>\t\t\t\t\t\t\t\t\t\t<img fetchpriority=\"high\" decoding=\"async\" width=\"843\" height=\"843\" src=\"https:\/\/bijouteriefarjou.fr\/wp-content\/uploads\/2024\/06\/alliance-thabora-po.jpg\" class=\"attachment-full size-full wp-image-7599\" alt=\"\" srcset=\"https:\/\/bijouteriefarjou.fr\/wp-content\/uploads\/2024\/06\/alliance-thabora-po.jpg 843w, https:\/\/bijouteriefarjou.fr\/wp-content\/uploads\/2024\/06\/alliance-thabora-po-300x300.jpg 300w, https:\/\/bijouteriefarjou.fr\/wp-content\/uploads\/2024\/06\/alliance-thabora-po-150x150.jpg 150w, https:\/\/bijouteriefarjou.fr\/wp-content\/uploads\/2024\/06\/alliance-thabora-po-768x768.jpg 768w, https:\/\/bijouteriefarjou.fr\/wp-content\/uploads\/2024\/06\/alliance-thabora-po-441x441.jpg 441w, https:\/\/bijouteriefarjou.fr\/wp-content\/uploads\/2024\/06\/alliance-thabora-po-100x100.jpg 100w, https:\/\/bijouteriefarjou.fr\/wp-content\/uploads\/2024\/06\/alliance-thabora-po-24x24.jpg 24w, https:\/\/bijouteriefarjou.fr\/wp-content\/uploads\/2024\/06\/alliance-thabora-po-36x36.jpg 36w, https:\/\/bijouteriefarjou.fr\/wp-content\/uploads\/2024\/06\/alliance-thabora-po-48x48.jpg 48w, https:\/\/bijouteriefarjou.fr\/wp-content\/uploads\/2024\/06\/alliance-thabora-po-800x800.jpg 800w\" sizes=\"(max-width: 360px) 147px, (max-width: 843px) 100vw, 843px\" \/>\t\t\t\t\t\t\t\t\t\t\t\t\t<\/div>\n\t\t\t\t<\/div>\n\t\t\t\t\t<\/div>\n\t\t<\/div>\n\t\t\t\t\t<\/div>\n\t\t<\/section>\n\t\t<div class=\"elementor-element elementor-element-9bc7a49 e-flex e-con-boxed e-con e-parent\" data-id=\"9bc7a49\" data-element_type=\"container\">\n\t\t\t\t\t<div class=\"e-con-inner\">\n\t\t\t\t<div class=\"elementor-element elementor-element-029bdaa elementor-widget elementor-widget-spacer\" data-id=\"029bdaa\" data-element_type=\"widget\" data-widget_type=\"spacer.default\">\n\t\t\t\t<div class=\"elementor-widget-container\">\n\t\t\t\t\t<div class=\"elementor-spacer\">\n\t\t\t<div class=\"elementor-spacer-inner\"><\/div>\n\t\t<\/div>\n\t\t\t\t<\/div>\n\t\t\t\t<\/div>\n\t\t\t\t<div class=\"elementor-element elementor-element-810a238 elementor-widget elementor-widget-heading\" data-id=\"810a238\" data-element_type=\"widget\" data-widget_type=\"heading.default\">\n\t\t\t\t<div class=\"elementor-widget-container\">\n\t\t\t<h2 class=\"elementor-heading-title elementor-size-default\">Nos collections sont pens\u00e9es pour accompagner vos instants de bonheur et rendre chaque souvenir inoubliable.<\/h2>\t\t<\/div>\n\t\t\t\t<\/div>\n\t\t\t\t<div class=\"elementor-element elementor-element-5cbe607 elementor-widget elementor-widget-text-editor\" data-id=\"5cbe607\" data-element_type=\"widget\" data-widget_type=\"text-editor.default\">\n\t\t\t\t<div class=\"elementor-widget-container\">\n\t\t\t\t\t\t\t<p>\u00a0Laissez-vous s\u00e9duire par la beaut\u00e9 et la finesse de nos bijoux, con\u00e7us pour \u00eatre port\u00e9s et aim\u00e9s au quotidien.<\/p>\t\t\t\t\t\t<\/div>\n\t\t\t\t<\/div>\n\t\t\t\t<div class=\"elementor-element elementor-element-f492dd9 elementor-widget elementor-widget-spacer\" data-id=\"f492dd9\" data-element_type=\"widget\" data-widget_type=\"spacer.default\">\n\t\t\t\t<div class=\"elementor-widget-container\">\n\t\t\t\t\t<div class=\"elementor-spacer\">\n\t\t\t<div class=\"elementor-spacer-inner\"><\/div>\n\t\t<\/div>\n\t\t\t\t<\/div>\n\t\t\t\t<\/div>\n\t\t\t\t\t<\/div>\n\t\t\t\t<\/div>\n\t\t\t\t<section class=\"elementor-section elementor-top-section elementor-element elementor-element-bb36c6f elementor-section-boxed elementor-section-height-default elementor-section-height-default\" data-id=\"bb36c6f\" data-element_type=\"section\">\n\t\t\t\t\t\t<div class=\"elementor-container elementor-column-gap-wider\">\n\t\t\t\t\t<div class=\"elementor-column elementor-col-50 elementor-top-column elementor-element elementor-element-2880450 elementor-invisible\" data-id=\"2880450\" data-element_type=\"column\" data-settings=\"{&quot;animation&quot;:&quot;fadeIn&quot;}\">\n\t\t\t<div class=\"elementor-widget-wrap elementor-element-populated\">\n\t\t\t\t\t\t<div class=\"elementor-element elementor-element-db9c3d4 animated-fast elementor-invisible elementor-widget elementor-widget-image\" data-id=\"db9c3d4\" data-element_type=\"widget\" data-settings=\"{&quot;_animation&quot;:&quot;fadeIn&quot;}\" data-widget_type=\"image.default\">\n\t\t\t\t<div class=\"elementor-widget-container\">\n\t\t\t\t\t\t\t\t\t\t\t\t\t<img decoding=\"async\" width=\"843\" height=\"843\" src=\"https:\/\/bijouteriefarjou.fr\/wp-content\/uploads\/2024\/06\/bague-agt-rubis-femme-thabora.jpg\" class=\"attachment-large size-large wp-image-7605\" alt=\"\" srcset=\"https:\/\/bijouteriefarjou.fr\/wp-content\/uploads\/2024\/06\/bague-agt-rubis-femme-thabora.jpg 843w, https:\/\/bijouteriefarjou.fr\/wp-content\/uploads\/2024\/06\/bague-agt-rubis-femme-thabora-300x300.jpg 300w, https:\/\/bijouteriefarjou.fr\/wp-content\/uploads\/2024\/06\/bague-agt-rubis-femme-thabora-150x150.jpg 150w, https:\/\/bijouteriefarjou.fr\/wp-content\/uploads\/2024\/06\/bague-agt-rubis-femme-thabora-768x768.jpg 768w, https:\/\/bijouteriefarjou.fr\/wp-content\/uploads\/2024\/06\/bague-agt-rubis-femme-thabora-441x441.jpg 441w, https:\/\/bijouteriefarjou.fr\/wp-content\/uploads\/2024\/06\/bague-agt-rubis-femme-thabora-100x100.jpg 100w, https:\/\/bijouteriefarjou.fr\/wp-content\/uploads\/2024\/06\/bague-agt-rubis-femme-thabora-24x24.jpg 24w, https:\/\/bijouteriefarjou.fr\/wp-content\/uploads\/2024\/06\/bague-agt-rubis-femme-thabora-36x36.jpg 36w, https:\/\/bijouteriefarjou.fr\/wp-content\/uploads\/2024\/06\/bague-agt-rubis-femme-thabora-48x48.jpg 48w, https:\/\/bijouteriefarjou.fr\/wp-content\/uploads\/2024\/06\/bague-agt-rubis-femme-thabora-800x800.jpg 800w\" sizes=\"(max-width: 360px) 147px, (max-width: 843px) 100vw, 843px\" \/>\t\t\t\t\t\t\t\t\t\t\t\t\t<\/div>\n\t\t\t\t<\/div>\n\t\t\t\t\t<\/div>\n\t\t<\/div>\n\t\t\t\t<div class=\"elementor-column elementor-col-50 elementor-top-column elementor-element elementor-element-7899afa elementor-invisible\" data-id=\"7899afa\" data-element_type=\"column\" data-settings=\"{&quot;animation&quot;:&quot;fadeIn&quot;,&quot;animation_delay&quot;:200}\">\n\t\t\t<div class=\"elementor-widget-wrap elementor-element-populated\">\n\t\t\t\t\t\t<div class=\"elementor-element elementor-element-247d076 elementor-widget elementor-widget-heading\" data-id=\"247d076\" data-element_type=\"widget\" data-widget_type=\"heading.default\">\n\t\t\t\t<div class=\"elementor-widget-container\">\n\t\t\t<h6 class=\"elementor-heading-title elementor-size-default\">Chez Bijouterie Farjou, chaque bague est con\u00e7ue avec soin en utilisant des mat\u00e9riaux nobles comme l'or et l'argent.<\/h6>\t\t<\/div>\n\t\t\t\t<\/div>\n\t\t\t\t<div class=\"elementor-element elementor-element-af7dfd6 title-right elementor-widget elementor-widget-heading\" data-id=\"af7dfd6\" data-element_type=\"widget\" data-widget_type=\"heading.default\">\n\t\t\t\t<div class=\"elementor-widget-container\">\n\t\t\t<h2 class=\"elementor-heading-title elementor-size-default\">Le Choix des Mat\u00e9riaux : Or et Argent pour Votre Bague<\/h2>\t\t<\/div>\n\t\t\t\t<\/div>\n\t\t\t\t<div class=\"elementor-element elementor-element-04da751 elementor-widget elementor-widget-text-editor\" data-id=\"04da751\" data-element_type=\"widget\" data-widget_type=\"text-editor.default\">\n\t\t\t\t<div class=\"elementor-widget-container\">\n\t\t\t\t\t\t\t<p>\u00a0L&rsquo;or, avec sa brillance intemporelle, symbolise l&rsquo;\u00e9l\u00e9gance et la durabilit\u00e9. L&rsquo;argent, raffin\u00e9 et lumineux, offre une alternative moderne et sophistiqu\u00e9e. Chaque m\u00e9tal a sa propre beaut\u00e9, capable de sublimer vos moments sp\u00e9ciaux. Que vous pr\u00e9f\u00e9riez l&rsquo;\u00e9clat chaleureux de l&rsquo;or ou la puret\u00e9 de l&rsquo;argent, nos cr\u00e9ations sont pens\u00e9es pour mettre en valeur votre style et accompagner vos souvenirs les plus pr\u00e9cieux. D\u00e9couvrez nos collections et trouvez la bague qui vous ressemble.<\/p>\t\t\t\t\t\t<\/div>\n\t\t\t\t<\/div>\n\t\t\t\t\t<\/div>\n\t\t<\/div>\n\t\t\t\t\t<\/div>\n\t\t<\/section>\n\t\t\t\t<section class=\"elementor-section elementor-top-section elementor-element elementor-element-46fbd96 elementor-section-boxed elementor-section-height-default elementor-section-height-default\" data-id=\"46fbd96\" data-element_type=\"section\">\n\t\t\t\t\t\t<div class=\"elementor-container elementor-column-gap-wider\">\n\t\t\t\t\t<div class=\"elementor-column elementor-col-50 elementor-top-column elementor-element elementor-element-38229db elementor-invisible\" data-id=\"38229db\" data-element_type=\"column\" data-settings=\"{&quot;animation&quot;:&quot;fadeIn&quot;}\">\n\t\t\t<div class=\"elementor-widget-wrap elementor-element-populated\">\n\t\t\t\t\t\t<div class=\"elementor-element elementor-element-cec5156 elementor-widget elementor-widget-heading\" data-id=\"cec5156\" data-element_type=\"widget\" data-widget_type=\"heading.default\">\n\t\t\t\t<div class=\"elementor-widget-container\">\n\t\t\t<h6 class=\"elementor-heading-title elementor-size-default\">Chez Bijouterie Farjou \u00e0 Carmaux, chaque bague est une c\u00e9l\u00e9bration de l'\u00e9l\u00e9gance et du style.<\/h6>\t\t<\/div>\n\t\t\t\t<\/div>\n\t\t\t\t<div class=\"elementor-element elementor-element-cd52427 title-left elementor-widget elementor-widget-heading\" data-id=\"cd52427\" data-element_type=\"widget\" data-widget_type=\"heading.default\">\n\t\t\t\t<div class=\"elementor-widget-container\">\n\t\t\t<h2 class=\"elementor-heading-title elementor-size-default\">Bagues pour Femmes et Hommes : \u00c9l\u00e9gance au Quotidien<\/h2>\t\t<\/div>\n\t\t\t\t<\/div>\n\t\t\t\t<div class=\"elementor-element elementor-element-39f33a7 elementor-widget elementor-widget-text-editor\" data-id=\"39f33a7\" data-element_type=\"widget\" data-widget_type=\"text-editor.default\">\n\t\t\t\t<div class=\"elementor-widget-container\">\n\t\t\t\t\t\t\t<p>Pour les femmes, nos collections offrent des designs d\u00e9licats et raffin\u00e9s, parfaits pour ajouter une touche de gr\u00e2ce \u00e0 chaque jour. Pour les hommes, nos bagues allient robustesse et sophistication, id\u00e9ales pour affirmer leur personnalit\u00e9 avec distinction. Que ce soit pour un \u00e9v\u00e9nement sp\u00e9cial ou pour le plaisir de porter un bijou unique, nos cr\u00e9ations sont pens\u00e9es pour sublimer chaque instant. Venez d\u00e9couvrir des pi\u00e8ces qui racontent votre histoire avec charme et authenticit\u00e9.<\/p>\t\t\t\t\t\t<\/div>\n\t\t\t\t<\/div>\n\t\t\t\t\t<\/div>\n\t\t<\/div>\n\t\t\t\t<div class=\"elementor-column elementor-col-50 elementor-top-column elementor-element elementor-element-6c3def3 elementor-invisible\" data-id=\"6c3def3\" data-element_type=\"column\" data-settings=\"{&quot;animation&quot;:&quot;fadeIn&quot;,&quot;animation_delay&quot;:200}\">\n\t\t\t<div class=\"elementor-widget-wrap elementor-element-populated\">\n\t\t\t\t\t\t<div class=\"elementor-element elementor-element-b1a8adc animated-fast elementor-invisible elementor-widget elementor-widget-image\" data-id=\"b1a8adc\" data-element_type=\"widget\" data-settings=\"{&quot;_animation&quot;:&quot;fadeIn&quot;}\" data-widget_type=\"image.default\">\n\t\t\t\t<div class=\"elementor-widget-container\">\n\t\t\t\t\t\t\t\t\t\t\t\t\t<img decoding=\"async\" width=\"843\" height=\"843\" src=\"https:\/\/bijouteriefarjou.fr\/wp-content\/uploads\/2024\/06\/bague-or-fiancaille.jpg\" class=\"attachment-full size-full wp-image-7606\" alt=\"\" srcset=\"https:\/\/bijouteriefarjou.fr\/wp-content\/uploads\/2024\/06\/bague-or-fiancaille.jpg 843w, https:\/\/bijouteriefarjou.fr\/wp-content\/uploads\/2024\/06\/bague-or-fiancaille-300x300.jpg 300w, https:\/\/bijouteriefarjou.fr\/wp-content\/uploads\/2024\/06\/bague-or-fiancaille-150x150.jpg 150w, https:\/\/bijouteriefarjou.fr\/wp-content\/uploads\/2024\/06\/bague-or-fiancaille-768x768.jpg 768w, https:\/\/bijouteriefarjou.fr\/wp-content\/uploads\/2024\/06\/bague-or-fiancaille-441x441.jpg 441w, https:\/\/bijouteriefarjou.fr\/wp-content\/uploads\/2024\/06\/bague-or-fiancaille-100x100.jpg 100w, https:\/\/bijouteriefarjou.fr\/wp-content\/uploads\/2024\/06\/bague-or-fiancaille-24x24.jpg 24w, https:\/\/bijouteriefarjou.fr\/wp-content\/uploads\/2024\/06\/bague-or-fiancaille-36x36.jpg 36w, https:\/\/bijouteriefarjou.fr\/wp-content\/uploads\/2024\/06\/bague-or-fiancaille-48x48.jpg 48w, https:\/\/bijouteriefarjou.fr\/wp-content\/uploads\/2024\/06\/bague-or-fiancaille-800x800.jpg 800w\" sizes=\"(max-width: 360px) 147px, (max-width: 843px) 100vw, 843px\" \/>\t\t\t\t\t\t\t\t\t\t\t\t\t<\/div>\n\t\t\t\t<\/div>\n\t\t\t\t\t<\/div>\n\t\t<\/div>\n\t\t\t\t\t<\/div>\n\t\t<\/section>\n\t\t\t\t<\/div>\n\t\t","protected":false},"excerpt":{"rendered":"<p>Nos Bagues Hommes &amp; Femmes Or Argent Plaqu\u00e9 Or Acier Bagues \u00c9l\u00e9gantes pour Tous les Styles et Occasions Explorez notre collection diversifi\u00e9e de bagues en or, argent, plaqu\u00e9 or, et acier avec des pierres pr\u00e9cieuses pour hommes et femmes. D\u00e9couvrez notre s\u00e9lection raffin\u00e9e de bagues con\u00e7ues pour toutes les occasions. Que ce soit pour un [&hellip;]<\/p>\n","protected":false},"author":1,"featured_media":0,"parent":0,"menu_order":0,"comment_status":"closed","ping_status":"closed","template":"template-fullwidth-no-heading.php","meta":{"footnotes":""},"_links":{"self":[{"href":"https:\/\/bijouteriefarjou.fr\/index.php\/wp-json\/wp\/v2\/pages\/7597"}],"collection":[{"href":"https:\/\/bijouteriefarjou.fr\/index.php\/wp-json\/wp\/v2\/pages"}],"about":[{"href":"https:\/\/bijouteriefarjou.fr\/index.php\/wp-json\/wp\/v2\/types\/page"}],"author":[{"embeddable":true,"href":"https:\/\/bijouteriefarjou.fr\/index.php\/wp-json\/wp\/v2\/users\/1"}],"replies":[{"embeddable":true,"href":"https:\/\/bijouteriefarjou.fr\/index.php\/wp-json\/wp\/v2\/comments?post=7597"}],"version-history":[{"count":7,"href":"https:\/\/bijouteriefarjou.fr\/index.php\/wp-json\/wp\/v2\/pages\/7597\/revisions"}],"predecessor-version":[{"id":7609,"href":"https:\/\/bijouteriefarjou.fr\/index.php\/wp-json\/wp\/v2\/pages\/7597\/revisions\/7609"}],"wp:attachment":[{"href":"https:\/\/bijouteriefarjou.fr\/index.php\/wp-json\/wp\/v2\/media?parent=7597"}],"curies":[{"name":"wp","href":"https:\/\/api.w.org\/{rel}","templated":true}]}}