{"id":7619,"date":"2024-06-19T15:45:43","date_gmt":"2024-06-19T13:45:43","guid":{"rendered":"https:\/\/bijouteriefarjou.fr\/?page_id=7619"},"modified":"2024-06-19T16:03:11","modified_gmt":"2024-06-19T14:03:11","slug":"colliers","status":"publish","type":"page","link":"https:\/\/bijouteriefarjou.fr\/index.php\/colliers\/","title":{"rendered":"COLLIERS"},"content":{"rendered":"\t\t<div data-elementor-type=\"wp-post\" data-elementor-id=\"7619\" class=\"elementor elementor-7619\">\n\t\t\t\t\t\t<section class=\"elementor-section elementor-top-section elementor-element elementor-element-28d7a9a8 elementor-section-stretched elementor-section-boxed elementor-section-height-default elementor-section-height-default\" data-id=\"28d7a9a8\" data-element_type=\"section\" data-settings=\"{&quot;stretch_section&quot;:&quot;section-stretched&quot;,&quot;background_background&quot;:&quot;classic&quot;}\">\n\t\t\t\t\t\t<div class=\"elementor-container elementor-column-gap-no\">\n\t\t\t\t\t<div class=\"elementor-column elementor-col-100 elementor-top-column elementor-element elementor-element-585bfc6d\" data-id=\"585bfc6d\" data-element_type=\"column\">\n\t\t\t<div class=\"elementor-widget-wrap elementor-element-populated\">\n\t\t\t\t\t\t<section class=\"elementor-section elementor-inner-section elementor-element elementor-element-35cbf0ea elementor-section-boxed elementor-section-height-default elementor-section-height-default\" data-id=\"35cbf0ea\" data-element_type=\"section\">\n\t\t\t\t\t\t<div class=\"elementor-container elementor-column-gap-default\">\n\t\t\t\t\t<div class=\"elementor-column elementor-col-50 elementor-inner-column elementor-element elementor-element-26a1609a\" data-id=\"26a1609a\" data-element_type=\"column\">\n\t\t\t<div class=\"elementor-widget-wrap elementor-element-populated\">\n\t\t\t\t\t\t<div class=\"elementor-element elementor-element-64a60170 elementor-invisible elementor-widget elementor-widget-heading\" data-id=\"64a60170\" data-element_type=\"widget\" data-settings=\"{&quot;_animation&quot;:&quot;fadeInUp&quot;}\" data-widget_type=\"heading.default\">\n\t\t\t\t<div class=\"elementor-widget-container\">\n\t\t\t<style>\/*! elementor - v3.21.0 - 26-05-2024 *\/\n.elementor-heading-title{padding:0;margin:0;line-height:1}.elementor-widget-heading .elementor-heading-title[class*=elementor-size-]>a{color:inherit;font-size:inherit;line-height:inherit}.elementor-widget-heading .elementor-heading-title.elementor-size-small{font-size:15px}.elementor-widget-heading .elementor-heading-title.elementor-size-medium{font-size:19px}.elementor-widget-heading .elementor-heading-title.elementor-size-large{font-size:29px}.elementor-widget-heading .elementor-heading-title.elementor-size-xl{font-size:39px}.elementor-widget-heading .elementor-heading-title.elementor-size-xxl{font-size:59px}<\/style><h1 class=\"elementor-heading-title elementor-size-default\">Colliers<\/h1>\t\t<\/div>\n\t\t\t\t<\/div>\n\t\t\t\t<div class=\"elementor-element elementor-element-3a6d1332 elementor-invisible elementor-widget elementor-widget-heading\" data-id=\"3a6d1332\" data-element_type=\"widget\" data-settings=\"{&quot;_animation&quot;:&quot;fadeInDown&quot;}\" data-widget_type=\"heading.default\">\n\t\t\t\t<div class=\"elementor-widget-container\">\n\t\t\t<h2 class=\"elementor-heading-title elementor-size-default\">Pour elle et lui des colliers pour la vie.<\/h2>\t\t<\/div>\n\t\t\t\t<\/div>\n\t\t\t\t\t<\/div>\n\t\t<\/div>\n\t\t\t\t<div class=\"elementor-column elementor-col-50 elementor-inner-column elementor-element elementor-element-bf6295e\" data-id=\"bf6295e\" data-element_type=\"column\">\n\t\t\t<div class=\"elementor-widget-wrap\">\n\t\t\t\t\t\t\t<\/div>\n\t\t<\/div>\n\t\t\t\t\t<\/div>\n\t\t<\/section>\n\t\t\t\t\t<\/div>\n\t\t<\/div>\n\t\t\t\t\t<\/div>\n\t\t<\/section>\n\t\t<div class=\"elementor-element elementor-element-c31cd01 e-flex e-con-boxed e-con e-parent\" data-id=\"c31cd01\" data-element_type=\"container\">\n\t\t\t\t\t<div class=\"e-con-inner\">\n\t\t\t\t<div class=\"elementor-element elementor-element-cdeac54 elementor-widget elementor-widget-spacer\" data-id=\"cdeac54\" data-element_type=\"widget\" data-widget_type=\"spacer.default\">\n\t\t\t\t<div class=\"elementor-widget-container\">\n\t\t\t<style>\/*! elementor - v3.21.0 - 26-05-2024 *\/\n.elementor-column .elementor-spacer-inner{height:var(--spacer-size)}.e-con{--container-widget-width:100%}.e-con-inner>.elementor-widget-spacer,.e-con>.elementor-widget-spacer{width:var(--container-widget-width,var(--spacer-size));--align-self:var(--container-widget-align-self,initial);--flex-shrink:0}.e-con-inner>.elementor-widget-spacer>.elementor-widget-container,.e-con>.elementor-widget-spacer>.elementor-widget-container{height:100%;width:100%}.e-con-inner>.elementor-widget-spacer>.elementor-widget-container>.elementor-spacer,.e-con>.elementor-widget-spacer>.elementor-widget-container>.elementor-spacer{height:100%}.e-con-inner>.elementor-widget-spacer>.elementor-widget-container>.elementor-spacer>.elementor-spacer-inner,.e-con>.elementor-widget-spacer>.elementor-widget-container>.elementor-spacer>.elementor-spacer-inner{height:var(--container-widget-height,var(--spacer-size))}.e-con-inner>.elementor-widget-spacer.elementor-widget-empty,.e-con>.elementor-widget-spacer.elementor-widget-empty{position:relative;min-height:22px;min-width:22px}.e-con-inner>.elementor-widget-spacer.elementor-widget-empty .elementor-widget-empty-icon,.e-con>.elementor-widget-spacer.elementor-widget-empty .elementor-widget-empty-icon{position:absolute;top:0;bottom:0;left:0;right:0;margin:auto;padding:0;width:22px;height:22px}<\/style>\t\t<div class=\"elementor-spacer\">\n\t\t\t<div class=\"elementor-spacer-inner\"><\/div>\n\t\t<\/div>\n\t\t\t\t<\/div>\n\t\t\t\t<\/div>\n\t\t\t\t<div class=\"elementor-element elementor-element-533ca47 elementor-widget elementor-widget-heading\" data-id=\"533ca47\" data-element_type=\"widget\" data-widget_type=\"heading.default\">\n\t\t\t\t<div class=\"elementor-widget-container\">\n\t\t\t<h2 class=\"elementor-heading-title elementor-size-default\">Colliers pour Femmes et Hommes : Or, Argent, Plaqu\u00e9 or et Acier<\/h2>\t\t<\/div>\n\t\t\t\t<\/div>\n\t\t\t\t<div class=\"elementor-element elementor-element-8ca37ca elementor-widget elementor-widget-text-editor\" data-id=\"8ca37ca\" data-element_type=\"widget\" data-widget_type=\"text-editor.default\">\n\t\t\t\t<div class=\"elementor-widget-container\">\n\t\t\t<style>\/*! elementor - v3.21.0 - 26-05-2024 *\/\n.elementor-widget-text-editor.elementor-drop-cap-view-stacked .elementor-drop-cap{background-color:#69727d;color:#fff}.elementor-widget-text-editor.elementor-drop-cap-view-framed .elementor-drop-cap{color:#69727d;border:3px solid;background-color:transparent}.elementor-widget-text-editor:not(.elementor-drop-cap-view-default) .elementor-drop-cap{margin-top:8px}.elementor-widget-text-editor:not(.elementor-drop-cap-view-default) .elementor-drop-cap-letter{width:1em;height:1em}.elementor-widget-text-editor .elementor-drop-cap{float:left;text-align:center;line-height:1;font-size:50px}.elementor-widget-text-editor .elementor-drop-cap-letter{display:inline-block}<\/style>\t\t\t\t<p>Chez Bijouterie Farjou \u00e0 Carmaux, d\u00e9couvrez nos colliers en argent et en or, con\u00e7us pour sublimer chaque silhouette. Nos collections, pour femmes et hommes, allient \u00e9l\u00e9gance et simplicit\u00e9, parfaites pour toutes les occasions.<\/p>\t\t\t\t\t\t<\/div>\n\t\t\t\t<\/div>\n\t\t\t\t\t<\/div>\n\t\t\t\t<\/div>\n\t\t\t\t<section class=\"elementor-section elementor-top-section elementor-element elementor-element-983905d elementor-section-boxed elementor-section-height-default elementor-section-height-default\" data-id=\"983905d\" data-element_type=\"section\">\n\t\t\t\t\t\t<div class=\"elementor-container elementor-column-gap-wider\">\n\t\t\t\t\t<div class=\"elementor-column elementor-col-50 elementor-top-column elementor-element elementor-element-7310116 elementor-invisible\" data-id=\"7310116\" data-element_type=\"column\" data-settings=\"{&quot;animation&quot;:&quot;fadeIn&quot;}\">\n\t\t\t<div class=\"elementor-widget-wrap elementor-element-populated\">\n\t\t\t\t\t\t<div class=\"elementor-element elementor-element-5867941f elementor-widget elementor-widget-heading\" data-id=\"5867941f\" data-element_type=\"widget\" data-widget_type=\"heading.default\">\n\t\t\t\t<div class=\"elementor-widget-container\">\n\t\t\t<h6 class=\"elementor-heading-title elementor-size-default\">Un collier est plus qu'un bijou ; c'est une d\u00e9claration.<\/h6>\t\t<\/div>\n\t\t\t\t<\/div>\n\t\t\t\t<div class=\"elementor-element elementor-element-3d3af9e7 title-left elementor-widget elementor-widget-heading\" data-id=\"3d3af9e7\" data-element_type=\"widget\" data-widget_type=\"heading.default\">\n\t\t\t\t<div class=\"elementor-widget-container\">\n\t\t\t<h2 class=\"elementor-heading-title elementor-size-default\">Offrir ou s'offrir un Collier : des Instants Inoubliables<\/h2>\t\t<\/div>\n\t\t\t\t<\/div>\n\t\t\t\t<div class=\"elementor-element elementor-element-e710402 elementor-widget elementor-widget-text-editor\" data-id=\"e710402\" data-element_type=\"widget\" data-widget_type=\"text-editor.default\">\n\t\t\t\t<div class=\"elementor-widget-container\">\n\t\t\t\t\t\t\t<p>Chez Bijouterie Farjou, nous proposons des colliers en or et en argent pour c\u00e9l\u00e9brer vos moments pr\u00e9cieux. Qu&rsquo;il s&rsquo;agisse d&rsquo;un anniversaire, d&rsquo;une c\u00e9l\u00e9bration de r\u00e9ussite ou d&rsquo;une simple envie de se faire plaisir, nos colliers sont con\u00e7us pour illuminer chaque instant. Offrez un collier pour exprimer votre affection ou pour marquer un moment sp\u00e9cial. Nos pi\u00e8ces, \u00e9l\u00e9gantes et intemporelles, sont pens\u00e9es pour \u00eatre port\u00e9es et ch\u00e9ries au quotidien. Venez d\u00e9couvrir des cr\u00e9ations qui capturent l&rsquo;essence de vos \u00e9motions et apportent une touche de raffinement \u00e0 chaque jour.<\/p>\t\t\t\t\t\t<\/div>\n\t\t\t\t<\/div>\n\t\t\t\t\t<\/div>\n\t\t<\/div>\n\t\t\t\t<div class=\"elementor-column elementor-col-50 elementor-top-column elementor-element elementor-element-34c609e elementor-invisible\" data-id=\"34c609e\" data-element_type=\"column\" data-settings=\"{&quot;animation&quot;:&quot;fadeIn&quot;,&quot;animation_delay&quot;:200}\">\n\t\t\t<div class=\"elementor-widget-wrap elementor-element-populated\">\n\t\t\t\t\t\t<div class=\"elementor-element elementor-element-c04a566 animated-fast elementor-invisible elementor-widget elementor-widget-image\" data-id=\"c04a566\" data-element_type=\"widget\" data-settings=\"{&quot;_animation&quot;:&quot;fadeIn&quot;}\" data-widget_type=\"image.default\">\n\t\t\t\t<div class=\"elementor-widget-container\">\n\t\t\t<style>\/*! elementor - v3.21.0 - 26-05-2024 *\/\n.elementor-widget-image{text-align:center}.elementor-widget-image a{display:inline-block}.elementor-widget-image a img[src$=\".svg\"]{width:48px}.elementor-widget-image img{vertical-align:middle;display:inline-block}<\/style>\t\t\t\t\t\t\t\t\t\t<img fetchpriority=\"high\" decoding=\"async\" width=\"843\" height=\"843\" src=\"https:\/\/bijouteriefarjou.fr\/wp-content\/uploads\/2024\/06\/col-argent-coeur-arbre-de-vie.jpg\" class=\"attachment-full size-full wp-image-7625\" alt=\"\" srcset=\"https:\/\/bijouteriefarjou.fr\/wp-content\/uploads\/2024\/06\/col-argent-coeur-arbre-de-vie.jpg 843w, https:\/\/bijouteriefarjou.fr\/wp-content\/uploads\/2024\/06\/col-argent-coeur-arbre-de-vie-300x300.jpg 300w, https:\/\/bijouteriefarjou.fr\/wp-content\/uploads\/2024\/06\/col-argent-coeur-arbre-de-vie-150x150.jpg 150w, https:\/\/bijouteriefarjou.fr\/wp-content\/uploads\/2024\/06\/col-argent-coeur-arbre-de-vie-768x768.jpg 768w, https:\/\/bijouteriefarjou.fr\/wp-content\/uploads\/2024\/06\/col-argent-coeur-arbre-de-vie-441x441.jpg 441w, https:\/\/bijouteriefarjou.fr\/wp-content\/uploads\/2024\/06\/col-argent-coeur-arbre-de-vie-100x100.jpg 100w, https:\/\/bijouteriefarjou.fr\/wp-content\/uploads\/2024\/06\/col-argent-coeur-arbre-de-vie-24x24.jpg 24w, https:\/\/bijouteriefarjou.fr\/wp-content\/uploads\/2024\/06\/col-argent-coeur-arbre-de-vie-36x36.jpg 36w, https:\/\/bijouteriefarjou.fr\/wp-content\/uploads\/2024\/06\/col-argent-coeur-arbre-de-vie-48x48.jpg 48w, https:\/\/bijouteriefarjou.fr\/wp-content\/uploads\/2024\/06\/col-argent-coeur-arbre-de-vie-800x800.jpg 800w\" sizes=\"(max-width: 360px) 147px, (max-width: 843px) 100vw, 843px\" \/>\t\t\t\t\t\t\t\t\t\t\t\t\t<\/div>\n\t\t\t\t<\/div>\n\t\t\t\t\t<\/div>\n\t\t<\/div>\n\t\t\t\t\t<\/div>\n\t\t<\/section>\n\t\t<div class=\"elementor-element elementor-element-9bc7a49 e-flex e-con-boxed e-con e-parent\" data-id=\"9bc7a49\" data-element_type=\"container\">\n\t\t\t\t\t<div class=\"e-con-inner\">\n\t\t\t\t<div class=\"elementor-element elementor-element-029bdaa elementor-widget elementor-widget-spacer\" data-id=\"029bdaa\" data-element_type=\"widget\" data-widget_type=\"spacer.default\">\n\t\t\t\t<div class=\"elementor-widget-container\">\n\t\t\t\t\t<div class=\"elementor-spacer\">\n\t\t\t<div class=\"elementor-spacer-inner\"><\/div>\n\t\t<\/div>\n\t\t\t\t<\/div>\n\t\t\t\t<\/div>\n\t\t\t\t<div class=\"elementor-element elementor-element-810a238 elementor-widget elementor-widget-heading\" data-id=\"810a238\" data-element_type=\"widget\" data-widget_type=\"heading.default\">\n\t\t\t\t<div class=\"elementor-widget-container\">\n\t\t\t<h2 class=\"elementor-heading-title elementor-size-default\">Colliers pour Femmes et Hommes<\/h2>\t\t<\/div>\n\t\t\t\t<\/div>\n\t\t\t\t<div class=\"elementor-element elementor-element-5cbe607 elementor-widget elementor-widget-text-editor\" data-id=\"5cbe607\" data-element_type=\"widget\" data-widget_type=\"text-editor.default\">\n\t\t\t\t<div class=\"elementor-widget-container\">\n\t\t\t\t\t\t\t<p>Chez Bijouterie Farjou \u00e0 Carmaux, nos colliers pour femmes et hommes allient \u00e9l\u00e9gance et simplicit\u00e9. En or ou en argent, chaque pi\u00e8ce est con\u00e7ue pour sublimer votre style au quotidien.<\/p><p>\u00a0<\/p>\t\t\t\t\t\t<\/div>\n\t\t\t\t<\/div>\n\t\t\t\t<div class=\"elementor-element elementor-element-f492dd9 elementor-widget elementor-widget-spacer\" data-id=\"f492dd9\" data-element_type=\"widget\" data-widget_type=\"spacer.default\">\n\t\t\t\t<div class=\"elementor-widget-container\">\n\t\t\t\t\t<div class=\"elementor-spacer\">\n\t\t\t<div class=\"elementor-spacer-inner\"><\/div>\n\t\t<\/div>\n\t\t\t\t<\/div>\n\t\t\t\t<\/div>\n\t\t\t\t\t<\/div>\n\t\t\t\t<\/div>\n\t\t\t\t<section class=\"elementor-section elementor-top-section elementor-element elementor-element-bb36c6f elementor-section-boxed elementor-section-height-default elementor-section-height-default\" data-id=\"bb36c6f\" data-element_type=\"section\">\n\t\t\t\t\t\t<div class=\"elementor-container elementor-column-gap-wider\">\n\t\t\t\t\t<div class=\"elementor-column elementor-col-50 elementor-top-column elementor-element elementor-element-2880450 elementor-invisible\" data-id=\"2880450\" data-element_type=\"column\" data-settings=\"{&quot;animation&quot;:&quot;fadeIn&quot;}\">\n\t\t\t<div class=\"elementor-widget-wrap elementor-element-populated\">\n\t\t\t\t\t\t<div class=\"elementor-element elementor-element-db9c3d4 animated-fast elementor-invisible elementor-widget elementor-widget-image\" data-id=\"db9c3d4\" data-element_type=\"widget\" data-settings=\"{&quot;_animation&quot;:&quot;fadeIn&quot;}\" data-widget_type=\"image.default\">\n\t\t\t\t<div class=\"elementor-widget-container\">\n\t\t\t\t\t\t\t\t\t\t\t\t\t<img decoding=\"async\" width=\"843\" height=\"843\" src=\"https:\/\/bijouteriefarjou.fr\/wp-content\/uploads\/2024\/06\/collier-acier-croix-hom.jpg\" class=\"attachment-large size-large wp-image-7627\" alt=\"\" srcset=\"https:\/\/bijouteriefarjou.fr\/wp-content\/uploads\/2024\/06\/collier-acier-croix-hom.jpg 843w, https:\/\/bijouteriefarjou.fr\/wp-content\/uploads\/2024\/06\/collier-acier-croix-hom-300x300.jpg 300w, https:\/\/bijouteriefarjou.fr\/wp-content\/uploads\/2024\/06\/collier-acier-croix-hom-150x150.jpg 150w, https:\/\/bijouteriefarjou.fr\/wp-content\/uploads\/2024\/06\/collier-acier-croix-hom-768x768.jpg 768w, https:\/\/bijouteriefarjou.fr\/wp-content\/uploads\/2024\/06\/collier-acier-croix-hom-441x441.jpg 441w, https:\/\/bijouteriefarjou.fr\/wp-content\/uploads\/2024\/06\/collier-acier-croix-hom-100x100.jpg 100w, https:\/\/bijouteriefarjou.fr\/wp-content\/uploads\/2024\/06\/collier-acier-croix-hom-24x24.jpg 24w, https:\/\/bijouteriefarjou.fr\/wp-content\/uploads\/2024\/06\/collier-acier-croix-hom-36x36.jpg 36w, https:\/\/bijouteriefarjou.fr\/wp-content\/uploads\/2024\/06\/collier-acier-croix-hom-48x48.jpg 48w, https:\/\/bijouteriefarjou.fr\/wp-content\/uploads\/2024\/06\/collier-acier-croix-hom-800x800.jpg 800w\" sizes=\"(max-width: 360px) 147px, (max-width: 843px) 100vw, 843px\" \/>\t\t\t\t\t\t\t\t\t\t\t\t\t<\/div>\n\t\t\t\t<\/div>\n\t\t\t\t\t<\/div>\n\t\t<\/div>\n\t\t\t\t<div class=\"elementor-column elementor-col-50 elementor-top-column elementor-element elementor-element-7899afa elementor-invisible\" data-id=\"7899afa\" data-element_type=\"column\" data-settings=\"{&quot;animation&quot;:&quot;fadeIn&quot;,&quot;animation_delay&quot;:200}\">\n\t\t\t<div class=\"elementor-widget-wrap elementor-element-populated\">\n\t\t\t\t\t\t<div class=\"elementor-element elementor-element-247d076 elementor-widget elementor-widget-heading\" data-id=\"247d076\" data-element_type=\"widget\" data-widget_type=\"heading.default\">\n\t\t\t\t<div class=\"elementor-widget-container\">\n\t\t\t<h6 class=\"elementor-heading-title elementor-size-default\">Colliers pour Femmes et Hommes : \u00c9l\u00e9gance et Style<\/h6>\t\t<\/div>\n\t\t\t\t<\/div>\n\t\t\t\t<div class=\"elementor-element elementor-element-af7dfd6 title-right elementor-widget elementor-widget-heading\" data-id=\"af7dfd6\" data-element_type=\"widget\" data-widget_type=\"heading.default\">\n\t\t\t\t<div class=\"elementor-widget-container\">\n\t\t\t<h2 class=\"elementor-heading-title elementor-size-default\">Chez Bijouterie Farjou, nous proposons des colliers qui refl\u00e8tent l'\u00e9l\u00e9gance et le style de chacun (ne).<\/h2>\t\t<\/div>\n\t\t\t\t<\/div>\n\t\t\t\t<div class=\"elementor-element elementor-element-04da751 elementor-widget elementor-widget-text-editor\" data-id=\"04da751\" data-element_type=\"widget\" data-widget_type=\"text-editor.default\">\n\t\t\t\t<div class=\"elementor-widget-container\">\n\t\t\t\t\t\t\t<p>Pour les femmes, nos colliers en or et en argent offrent une touche de raffinement, parfaits pour toutes les occasions, qu&rsquo;elles soient quotidiennes ou sp\u00e9ciales. Pour les hommes, nos colliers combinent sophistication et caract\u00e8re, apportant une touche de distinction \u00e0 chaque tenue. Chaque pi\u00e8ce est pens\u00e9e pour \u00eatre port\u00e9e avec plaisir et fiert\u00e9, en incarnant votre personnalit\u00e9 unique. Venez d\u00e9couvrir nos collections et trouvez le collier qui saura capturer l&rsquo;essence de votre style et accompagner vos moments les plus pr\u00e9cieux.<\/p>\t\t\t\t\t\t<\/div>\n\t\t\t\t<\/div>\n\t\t\t\t\t<\/div>\n\t\t<\/div>\n\t\t\t\t\t<\/div>\n\t\t<\/section>\n\t\t\t\t<\/div>\n\t\t","protected":false},"excerpt":{"rendered":"<p>Colliers Pour elle et lui des colliers pour la vie. Colliers pour Femmes et Hommes : Or, Argent, Plaqu\u00e9 or et Acier Chez Bijouterie Farjou \u00e0 Carmaux, d\u00e9couvrez nos colliers en argent et en or, con\u00e7us pour sublimer chaque silhouette. Nos collections, pour femmes et hommes, allient \u00e9l\u00e9gance et simplicit\u00e9, parfaites pour toutes les occasions. [&hellip;]<\/p>\n","protected":false},"author":1,"featured_media":0,"parent":0,"menu_order":0,"comment_status":"closed","ping_status":"closed","template":"template-fullwidth-no-heading.php","meta":{"footnotes":""},"_links":{"self":[{"href":"https:\/\/bijouteriefarjou.fr\/index.php\/wp-json\/wp\/v2\/pages\/7619"}],"collection":[{"href":"https:\/\/bijouteriefarjou.fr\/index.php\/wp-json\/wp\/v2\/pages"}],"about":[{"href":"https:\/\/bijouteriefarjou.fr\/index.php\/wp-json\/wp\/v2\/types\/page"}],"author":[{"embeddable":true,"href":"https:\/\/bijouteriefarjou.fr\/index.php\/wp-json\/wp\/v2\/users\/1"}],"replies":[{"embeddable":true,"href":"https:\/\/bijouteriefarjou.fr\/index.php\/wp-json\/wp\/v2\/comments?post=7619"}],"version-history":[{"count":7,"href":"https:\/\/bijouteriefarjou.fr\/index.php\/wp-json\/wp\/v2\/pages\/7619\/revisions"}],"predecessor-version":[{"id":7630,"href":"https:\/\/bijouteriefarjou.fr\/index.php\/wp-json\/wp\/v2\/pages\/7619\/revisions\/7630"}],"wp:attachment":[{"href":"https:\/\/bijouteriefarjou.fr\/index.php\/wp-json\/wp\/v2\/media?parent=7619"}],"curies":[{"name":"wp","href":"https:\/\/api.w.org\/{rel}","templated":true}]}}