{"id":7632,"date":"2024-06-19T16:26:56","date_gmt":"2024-06-19T14:26:56","guid":{"rendered":"https:\/\/bijouteriefarjou.fr\/?page_id=7632"},"modified":"2024-06-19T16:32:59","modified_gmt":"2024-06-19T14:32:59","slug":"bracelets","status":"publish","type":"page","link":"https:\/\/bijouteriefarjou.fr\/index.php\/bracelets\/","title":{"rendered":"BRACELETS"},"content":{"rendered":"\t\t<div data-elementor-type=\"wp-post\" data-elementor-id=\"7632\" class=\"elementor elementor-7632\">\n\t\t\t\t\t\t<section class=\"elementor-section elementor-top-section elementor-element elementor-element-28d7a9a8 elementor-section-stretched elementor-section-boxed elementor-section-height-default elementor-section-height-default\" data-id=\"28d7a9a8\" data-element_type=\"section\" data-settings=\"{&quot;stretch_section&quot;:&quot;section-stretched&quot;,&quot;background_background&quot;:&quot;classic&quot;}\">\n\t\t\t\t\t\t<div class=\"elementor-container elementor-column-gap-no\">\n\t\t\t\t\t<div class=\"elementor-column elementor-col-100 elementor-top-column elementor-element elementor-element-585bfc6d\" data-id=\"585bfc6d\" data-element_type=\"column\">\n\t\t\t<div class=\"elementor-widget-wrap elementor-element-populated\">\n\t\t\t\t\t\t<section class=\"elementor-section elementor-inner-section elementor-element elementor-element-35cbf0ea elementor-section-boxed elementor-section-height-default elementor-section-height-default\" data-id=\"35cbf0ea\" data-element_type=\"section\">\n\t\t\t\t\t\t<div class=\"elementor-container elementor-column-gap-default\">\n\t\t\t\t\t<div class=\"elementor-column elementor-col-50 elementor-inner-column elementor-element elementor-element-26a1609a\" data-id=\"26a1609a\" data-element_type=\"column\">\n\t\t\t<div class=\"elementor-widget-wrap elementor-element-populated\">\n\t\t\t\t\t\t<div class=\"elementor-element elementor-element-64a60170 elementor-invisible elementor-widget elementor-widget-heading\" data-id=\"64a60170\" data-element_type=\"widget\" data-settings=\"{&quot;_animation&quot;:&quot;fadeInUp&quot;}\" data-widget_type=\"heading.default\">\n\t\t\t\t<div class=\"elementor-widget-container\">\n\t\t\t<style>\/*! elementor - v3.21.0 - 26-05-2024 *\/\n.elementor-heading-title{padding:0;margin:0;line-height:1}.elementor-widget-heading .elementor-heading-title[class*=elementor-size-]>a{color:inherit;font-size:inherit;line-height:inherit}.elementor-widget-heading .elementor-heading-title.elementor-size-small{font-size:15px}.elementor-widget-heading .elementor-heading-title.elementor-size-medium{font-size:19px}.elementor-widget-heading .elementor-heading-title.elementor-size-large{font-size:29px}.elementor-widget-heading .elementor-heading-title.elementor-size-xl{font-size:39px}.elementor-widget-heading .elementor-heading-title.elementor-size-xxl{font-size:59px}<\/style><h1 class=\"elementor-heading-title elementor-size-default\">Bracelets<\/h1>\t\t<\/div>\n\t\t\t\t<\/div>\n\t\t\t\t<div class=\"elementor-element elementor-element-3a6d1332 elementor-invisible elementor-widget elementor-widget-heading\" data-id=\"3a6d1332\" data-element_type=\"widget\" data-settings=\"{&quot;_animation&quot;:&quot;fadeInDown&quot;}\" data-widget_type=\"heading.default\">\n\t\t\t\t<div class=\"elementor-widget-container\">\n\t\t\t<h2 class=\"elementor-heading-title elementor-size-default\">Laissez-vous s\u00e9duire par notre collection de bracelets en or et en argent mais aussi en plaqu\u00e9 or ou acier.<\/h2>\t\t<\/div>\n\t\t\t\t<\/div>\n\t\t\t\t\t<\/div>\n\t\t<\/div>\n\t\t\t\t<div class=\"elementor-column elementor-col-50 elementor-inner-column elementor-element elementor-element-bf6295e\" data-id=\"bf6295e\" data-element_type=\"column\">\n\t\t\t<div class=\"elementor-widget-wrap\">\n\t\t\t\t\t\t\t<\/div>\n\t\t<\/div>\n\t\t\t\t\t<\/div>\n\t\t<\/section>\n\t\t\t\t\t<\/div>\n\t\t<\/div>\n\t\t\t\t\t<\/div>\n\t\t<\/section>\n\t\t<div class=\"elementor-element elementor-element-c31cd01 e-flex e-con-boxed e-con e-parent\" data-id=\"c31cd01\" data-element_type=\"container\">\n\t\t\t\t\t<div class=\"e-con-inner\">\n\t\t\t\t<div class=\"elementor-element elementor-element-cdeac54 elementor-widget elementor-widget-spacer\" data-id=\"cdeac54\" data-element_type=\"widget\" data-widget_type=\"spacer.default\">\n\t\t\t\t<div class=\"elementor-widget-container\">\n\t\t\t<style>\/*! elementor - v3.21.0 - 26-05-2024 *\/\n.elementor-column .elementor-spacer-inner{height:var(--spacer-size)}.e-con{--container-widget-width:100%}.e-con-inner>.elementor-widget-spacer,.e-con>.elementor-widget-spacer{width:var(--container-widget-width,var(--spacer-size));--align-self:var(--container-widget-align-self,initial);--flex-shrink:0}.e-con-inner>.elementor-widget-spacer>.elementor-widget-container,.e-con>.elementor-widget-spacer>.elementor-widget-container{height:100%;width:100%}.e-con-inner>.elementor-widget-spacer>.elementor-widget-container>.elementor-spacer,.e-con>.elementor-widget-spacer>.elementor-widget-container>.elementor-spacer{height:100%}.e-con-inner>.elementor-widget-spacer>.elementor-widget-container>.elementor-spacer>.elementor-spacer-inner,.e-con>.elementor-widget-spacer>.elementor-widget-container>.elementor-spacer>.elementor-spacer-inner{height:var(--container-widget-height,var(--spacer-size))}.e-con-inner>.elementor-widget-spacer.elementor-widget-empty,.e-con>.elementor-widget-spacer.elementor-widget-empty{position:relative;min-height:22px;min-width:22px}.e-con-inner>.elementor-widget-spacer.elementor-widget-empty .elementor-widget-empty-icon,.e-con>.elementor-widget-spacer.elementor-widget-empty .elementor-widget-empty-icon{position:absolute;top:0;bottom:0;left:0;right:0;margin:auto;padding:0;width:22px;height:22px}<\/style>\t\t<div class=\"elementor-spacer\">\n\t\t\t<div class=\"elementor-spacer-inner\"><\/div>\n\t\t<\/div>\n\t\t\t\t<\/div>\n\t\t\t\t<\/div>\n\t\t\t\t<div class=\"elementor-element elementor-element-533ca47 elementor-widget elementor-widget-heading\" data-id=\"533ca47\" data-element_type=\"widget\" data-widget_type=\"heading.default\">\n\t\t\t\t<div class=\"elementor-widget-container\">\n\t\t\t<h2 class=\"elementor-heading-title elementor-size-default\">L'\u00c9l\u00e9gance au Poignet : Bracelets pour Hommes et Femmes<\/h2>\t\t<\/div>\n\t\t\t\t<\/div>\n\t\t\t\t<div class=\"elementor-element elementor-element-8ca37ca elementor-widget elementor-widget-text-editor\" data-id=\"8ca37ca\" data-element_type=\"widget\" data-widget_type=\"text-editor.default\">\n\t\t\t\t<div class=\"elementor-widget-container\">\n\t\t\t<style>\/*! elementor - v3.21.0 - 26-05-2024 *\/\n.elementor-widget-text-editor.elementor-drop-cap-view-stacked .elementor-drop-cap{background-color:#69727d;color:#fff}.elementor-widget-text-editor.elementor-drop-cap-view-framed .elementor-drop-cap{color:#69727d;border:3px solid;background-color:transparent}.elementor-widget-text-editor:not(.elementor-drop-cap-view-default) .elementor-drop-cap{margin-top:8px}.elementor-widget-text-editor:not(.elementor-drop-cap-view-default) .elementor-drop-cap-letter{width:1em;height:1em}.elementor-widget-text-editor .elementor-drop-cap{float:left;text-align:center;line-height:1;font-size:50px}.elementor-widget-text-editor .elementor-drop-cap-letter{display:inline-block}<\/style>\t\t\t\t<div class=\"elementor-element elementor-element-533ca47 elementor-widget elementor-widget-heading\" data-id=\"533ca47\" data-element_type=\"widget\" data-widget_type=\"heading.default\"><div class=\"elementor-widget-container\"><p class=\"elementor-heading-title elementor-size-default\"><span style=\"font-size: 16px;\">\u00a0Des bracelets o\u00f9 chaque d\u00e9tail raconte une histoire d\u2019\u00e9l\u00e9gance intemporelle.<\/span><\/p><\/div><\/div>\t\t\t\t\t\t<\/div>\n\t\t\t\t<\/div>\n\t\t\t\t\t<\/div>\n\t\t\t\t<\/div>\n\t\t\t\t<section class=\"elementor-section elementor-top-section elementor-element elementor-element-983905d elementor-section-boxed elementor-section-height-default elementor-section-height-default\" data-id=\"983905d\" data-element_type=\"section\">\n\t\t\t\t\t\t<div class=\"elementor-container elementor-column-gap-wider\">\n\t\t\t\t\t<div class=\"elementor-column elementor-col-50 elementor-top-column elementor-element elementor-element-7310116 elementor-invisible\" data-id=\"7310116\" data-element_type=\"column\" data-settings=\"{&quot;animation&quot;:&quot;fadeIn&quot;}\">\n\t\t\t<div class=\"elementor-widget-wrap elementor-element-populated\">\n\t\t\t\t\t\t<div class=\"elementor-element elementor-element-5867941f elementor-widget elementor-widget-heading\" data-id=\"5867941f\" data-element_type=\"widget\" data-widget_type=\"heading.default\">\n\t\t\t\t<div class=\"elementor-widget-container\">\n\t\t\t<h6 class=\"elementor-heading-title elementor-size-default\">Bracelets pour Femmes et Hommes<\/h6>\t\t<\/div>\n\t\t\t\t<\/div>\n\t\t\t\t<div class=\"elementor-element elementor-element-3d3af9e7 title-left elementor-widget elementor-widget-heading\" data-id=\"3d3af9e7\" data-element_type=\"widget\" data-widget_type=\"heading.default\">\n\t\t\t\t<div class=\"elementor-widget-container\">\n\t\t\t<h2 class=\"elementor-heading-title elementor-size-default\">Des cr\u00e9ations \u00e9l\u00e9gantes et intemporelles pour sublimer chaque poignet.<\/h2>\t\t<\/div>\n\t\t\t\t<\/div>\n\t\t\t\t<div class=\"elementor-element elementor-element-e710402 elementor-widget elementor-widget-text-editor\" data-id=\"e710402\" data-element_type=\"widget\" data-widget_type=\"text-editor.default\">\n\t\t\t\t<div class=\"elementor-widget-container\">\n\t\t\t\t\t\t\t<p>Chez Bijouterie Farjou, nous proposons des bracelets en or, plaqu\u00e9 or et argent, con\u00e7us pour sublimer les poignets de femmes et d&rsquo;hommes avec \u00e9l\u00e9gance et finesse. Nos bracelets en or, v\u00e9ritable symbole de luxe et de durabilit\u00e9, ajoutent une touche de raffinement \u00e0 toute tenue. Les bracelets en plaqu\u00e9 or offrent une alternative brillante et accessible, sans compromis sur l&rsquo;\u00e9clat et le style.<\/p>\t\t\t\t\t\t<\/div>\n\t\t\t\t<\/div>\n\t\t\t\t\t<\/div>\n\t\t<\/div>\n\t\t\t\t<div class=\"elementor-column elementor-col-50 elementor-top-column elementor-element elementor-element-34c609e elementor-invisible\" data-id=\"34c609e\" data-element_type=\"column\" data-settings=\"{&quot;animation&quot;:&quot;fadeIn&quot;,&quot;animation_delay&quot;:200}\">\n\t\t\t<div class=\"elementor-widget-wrap elementor-element-populated\">\n\t\t\t\t\t\t<div class=\"elementor-element elementor-element-c04a566 animated-fast elementor-invisible elementor-widget elementor-widget-image\" data-id=\"c04a566\" data-element_type=\"widget\" data-settings=\"{&quot;_animation&quot;:&quot;fadeIn&quot;}\" data-widget_type=\"image.default\">\n\t\t\t\t<div class=\"elementor-widget-container\">\n\t\t\t<style>\/*! elementor - v3.21.0 - 26-05-2024 *\/\n.elementor-widget-image{text-align:center}.elementor-widget-image a{display:inline-block}.elementor-widget-image a img[src$=\".svg\"]{width:48px}.elementor-widget-image img{vertical-align:middle;display:inline-block}<\/style>\t\t\t\t\t\t\t\t\t\t<img fetchpriority=\"high\" decoding=\"async\" width=\"512\" height=\"640\" src=\"https:\/\/bijouteriefarjou.fr\/wp-content\/uploads\/2024\/06\/brac-dame-acier-dore-fossil-01-2023-324142994_1750003488734790_8387392075765880186_n.jpg\" class=\"attachment-full size-full wp-image-7635\" alt=\"\" srcset=\"https:\/\/bijouteriefarjou.fr\/wp-content\/uploads\/2024\/06\/brac-dame-acier-dore-fossil-01-2023-324142994_1750003488734790_8387392075765880186_n.jpg 512w, https:\/\/bijouteriefarjou.fr\/wp-content\/uploads\/2024\/06\/brac-dame-acier-dore-fossil-01-2023-324142994_1750003488734790_8387392075765880186_n-240x300.jpg 240w, https:\/\/bijouteriefarjou.fr\/wp-content\/uploads\/2024\/06\/brac-dame-acier-dore-fossil-01-2023-324142994_1750003488734790_8387392075765880186_n-441x551.jpg 441w, https:\/\/bijouteriefarjou.fr\/wp-content\/uploads\/2024\/06\/brac-dame-acier-dore-fossil-01-2023-324142994_1750003488734790_8387392075765880186_n-19x24.jpg 19w, https:\/\/bijouteriefarjou.fr\/wp-content\/uploads\/2024\/06\/brac-dame-acier-dore-fossil-01-2023-324142994_1750003488734790_8387392075765880186_n-29x36.jpg 29w, https:\/\/bijouteriefarjou.fr\/wp-content\/uploads\/2024\/06\/brac-dame-acier-dore-fossil-01-2023-324142994_1750003488734790_8387392075765880186_n-38x48.jpg 38w, https:\/\/bijouteriefarjou.fr\/wp-content\/uploads\/2024\/06\/brac-dame-acier-dore-fossil-01-2023-324142994_1750003488734790_8387392075765880186_n-300x375.jpg 300w, https:\/\/bijouteriefarjou.fr\/wp-content\/uploads\/2024\/06\/brac-dame-acier-dore-fossil-01-2023-324142994_1750003488734790_8387392075765880186_n-150x188.jpg 150w\" sizes=\"(max-width: 360px) 147px, (max-width: 512px) 100vw, 512px\" \/>\t\t\t\t\t\t\t\t\t\t\t\t\t<\/div>\n\t\t\t\t<\/div>\n\t\t\t\t\t<\/div>\n\t\t<\/div>\n\t\t\t\t\t<\/div>\n\t\t<\/section>\n\t\t<div class=\"elementor-element elementor-element-9bc7a49 e-flex e-con-boxed e-con e-parent\" data-id=\"9bc7a49\" data-element_type=\"container\">\n\t\t\t\t\t<div class=\"e-con-inner\">\n\t\t\t\t<div class=\"elementor-element elementor-element-029bdaa elementor-widget elementor-widget-spacer\" data-id=\"029bdaa\" data-element_type=\"widget\" data-widget_type=\"spacer.default\">\n\t\t\t\t<div class=\"elementor-widget-container\">\n\t\t\t\t\t<div class=\"elementor-spacer\">\n\t\t\t<div class=\"elementor-spacer-inner\"><\/div>\n\t\t<\/div>\n\t\t\t\t<\/div>\n\t\t\t\t<\/div>\n\t\t\t\t<div class=\"elementor-element elementor-element-810a238 elementor-widget elementor-widget-heading\" data-id=\"810a238\" data-element_type=\"widget\" data-widget_type=\"heading.default\">\n\t\t\t\t<div class=\"elementor-widget-container\">\n\t\t\t<h2 class=\"elementor-heading-title elementor-size-default\">Les bracelets en argent, modernes et intemporels, sont parfaits pour ceux qui appr\u00e9cient la simplicit\u00e9 chic<\/h2>\t\t<\/div>\n\t\t\t\t<\/div>\n\t\t\t\t<div class=\"elementor-element elementor-element-5cbe607 elementor-widget elementor-widget-text-editor\" data-id=\"5cbe607\" data-element_type=\"widget\" data-widget_type=\"text-editor.default\">\n\t\t\t\t<div class=\"elementor-widget-container\">\n\t\t\t\t\t\t\t<p>Chaque pi\u00e8ce est pens\u00e9e pour \u00eatre un compagnon quotidien ou un cadeau m\u00e9morable, capturant la beaut\u00e9 et l&rsquo;essence de chaque moment important. Venez d\u00e9couvrir notre collection et trouvez le bracelet qui vous correspond<\/p>\t\t\t\t\t\t<\/div>\n\t\t\t\t<\/div>\n\t\t\t\t<div class=\"elementor-element elementor-element-f492dd9 elementor-widget elementor-widget-spacer\" data-id=\"f492dd9\" data-element_type=\"widget\" data-widget_type=\"spacer.default\">\n\t\t\t\t<div class=\"elementor-widget-container\">\n\t\t\t\t\t<div class=\"elementor-spacer\">\n\t\t\t<div class=\"elementor-spacer-inner\"><\/div>\n\t\t<\/div>\n\t\t\t\t<\/div>\n\t\t\t\t<\/div>\n\t\t\t\t\t<\/div>\n\t\t\t\t<\/div>\n\t\t\t\t<section class=\"elementor-section elementor-top-section elementor-element elementor-element-bb36c6f elementor-section-boxed elementor-section-height-default elementor-section-height-default\" data-id=\"bb36c6f\" data-element_type=\"section\">\n\t\t\t\t\t\t<div class=\"elementor-container elementor-column-gap-wider\">\n\t\t\t\t\t<div class=\"elementor-column elementor-col-50 elementor-top-column elementor-element elementor-element-2880450 elementor-invisible\" data-id=\"2880450\" data-element_type=\"column\" data-settings=\"{&quot;animation&quot;:&quot;fadeIn&quot;}\">\n\t\t\t<div class=\"elementor-widget-wrap elementor-element-populated\">\n\t\t\t\t\t\t<div class=\"elementor-element elementor-element-db9c3d4 animated-fast elementor-invisible elementor-widget elementor-widget-image\" data-id=\"db9c3d4\" data-element_type=\"widget\" data-settings=\"{&quot;_animation&quot;:&quot;fadeIn&quot;}\" data-widget_type=\"image.default\">\n\t\t\t\t<div class=\"elementor-widget-container\">\n\t\t\t\t\t\t\t\t\t\t\t\t\t<img decoding=\"async\" width=\"843\" height=\"843\" src=\"https:\/\/bijouteriefarjou.fr\/wp-content\/uploads\/2024\/06\/brac-hom-argent-tha-brac-agt-h.jpg\" class=\"attachment-large size-large wp-image-7639\" alt=\"\" srcset=\"https:\/\/bijouteriefarjou.fr\/wp-content\/uploads\/2024\/06\/brac-hom-argent-tha-brac-agt-h.jpg 843w, https:\/\/bijouteriefarjou.fr\/wp-content\/uploads\/2024\/06\/brac-hom-argent-tha-brac-agt-h-300x300.jpg 300w, https:\/\/bijouteriefarjou.fr\/wp-content\/uploads\/2024\/06\/brac-hom-argent-tha-brac-agt-h-150x150.jpg 150w, https:\/\/bijouteriefarjou.fr\/wp-content\/uploads\/2024\/06\/brac-hom-argent-tha-brac-agt-h-768x768.jpg 768w, https:\/\/bijouteriefarjou.fr\/wp-content\/uploads\/2024\/06\/brac-hom-argent-tha-brac-agt-h-441x441.jpg 441w, https:\/\/bijouteriefarjou.fr\/wp-content\/uploads\/2024\/06\/brac-hom-argent-tha-brac-agt-h-100x100.jpg 100w, https:\/\/bijouteriefarjou.fr\/wp-content\/uploads\/2024\/06\/brac-hom-argent-tha-brac-agt-h-24x24.jpg 24w, https:\/\/bijouteriefarjou.fr\/wp-content\/uploads\/2024\/06\/brac-hom-argent-tha-brac-agt-h-36x36.jpg 36w, https:\/\/bijouteriefarjou.fr\/wp-content\/uploads\/2024\/06\/brac-hom-argent-tha-brac-agt-h-48x48.jpg 48w, https:\/\/bijouteriefarjou.fr\/wp-content\/uploads\/2024\/06\/brac-hom-argent-tha-brac-agt-h-800x800.jpg 800w\" sizes=\"(max-width: 360px) 147px, (max-width: 843px) 100vw, 843px\" \/>\t\t\t\t\t\t\t\t\t\t\t\t\t<\/div>\n\t\t\t\t<\/div>\n\t\t\t\t\t<\/div>\n\t\t<\/div>\n\t\t\t\t<div class=\"elementor-column elementor-col-50 elementor-top-column elementor-element elementor-element-7899afa elementor-invisible\" data-id=\"7899afa\" data-element_type=\"column\" data-settings=\"{&quot;animation&quot;:&quot;fadeIn&quot;,&quot;animation_delay&quot;:200}\">\n\t\t\t<div class=\"elementor-widget-wrap elementor-element-populated\">\n\t\t\t\t\t\t<div class=\"elementor-element elementor-element-247d076 elementor-widget elementor-widget-heading\" data-id=\"247d076\" data-element_type=\"widget\" data-widget_type=\"heading.default\">\n\t\t\t\t<div class=\"elementor-widget-container\">\n\t\t\t<h6 class=\"elementor-heading-title elementor-size-default\">Bracelets en Or, Plaqu\u00e9 Or, Argent et Acier<\/h6>\t\t<\/div>\n\t\t\t\t<\/div>\n\t\t\t\t<div class=\"elementor-element elementor-element-af7dfd6 title-right elementor-widget elementor-widget-heading\" data-id=\"af7dfd6\" data-element_type=\"widget\" data-widget_type=\"heading.default\">\n\t\t\t\t<div class=\"elementor-widget-container\">\n\t\t\t<h2 class=\"elementor-heading-title elementor-size-default\">Nos bracelets en or, plaqu\u00e9 or, argent et acier allient \u00e9l\u00e9gance et durabilit\u00e9.<\/h2>\t\t<\/div>\n\t\t\t\t<\/div>\n\t\t\t\t<div class=\"elementor-element elementor-element-04da751 elementor-widget elementor-widget-text-editor\" data-id=\"04da751\" data-element_type=\"widget\" data-widget_type=\"text-editor.default\">\n\t\t\t\t<div class=\"elementor-widget-container\">\n\t\t\t\t\t\t\t<p>Chaque mat\u00e9riau offre une beaut\u00e9 unique : l\u2019or, avec sa brillance intemporelle, symbolise le luxe et l\u2019\u00e9l\u00e9gance. Le plaqu\u00e9 or, une alternative abordable, conserve l\u2019\u00e9clat de l\u2019or. L\u2019argent, moderne et raffin\u00e9, s\u00e9duit par sa simplicit\u00e9. L\u2019acier, robuste et styl\u00e9, ajoute une touche contemporaine \u00e0 votre look. Que vous cherchiez un bijou pour une occasion sp\u00e9ciale ou pour embellir votre quotidien, nos bracelets sont con\u00e7us pour sublimer chaque instant. Venez d\u00e9couvrir des cr\u00e9ations qui capturent l\u2019essence de votre style.<\/p>\t\t\t\t\t\t<\/div>\n\t\t\t\t<\/div>\n\t\t\t\t\t<\/div>\n\t\t<\/div>\n\t\t\t\t\t<\/div>\n\t\t<\/section>\n\t\t\t\t<\/div>\n\t\t","protected":false},"excerpt":{"rendered":"<p>Bracelets Laissez-vous s\u00e9duire par notre collection de bracelets en or et en argent mais aussi en plaqu\u00e9 or ou acier. L&rsquo;\u00c9l\u00e9gance au Poignet : Bracelets pour Hommes et Femmes \u00a0Des bracelets o\u00f9 chaque d\u00e9tail raconte une histoire d\u2019\u00e9l\u00e9gance intemporelle. Bracelets pour Femmes et Hommes Des cr\u00e9ations \u00e9l\u00e9gantes et intemporelles pour sublimer chaque poignet. Chez Bijouterie [&hellip;]<\/p>\n","protected":false},"author":1,"featured_media":0,"parent":0,"menu_order":0,"comment_status":"closed","ping_status":"closed","template":"template-fullwidth-no-heading.php","meta":{"footnotes":""},"_links":{"self":[{"href":"https:\/\/bijouteriefarjou.fr\/index.php\/wp-json\/wp\/v2\/pages\/7632"}],"collection":[{"href":"https:\/\/bijouteriefarjou.fr\/index.php\/wp-json\/wp\/v2\/pages"}],"about":[{"href":"https:\/\/bijouteriefarjou.fr\/index.php\/wp-json\/wp\/v2\/types\/page"}],"author":[{"embeddable":true,"href":"https:\/\/bijouteriefarjou.fr\/index.php\/wp-json\/wp\/v2\/users\/1"}],"replies":[{"embeddable":true,"href":"https:\/\/bijouteriefarjou.fr\/index.php\/wp-json\/wp\/v2\/comments?post=7632"}],"version-history":[{"count":7,"href":"https:\/\/bijouteriefarjou.fr\/index.php\/wp-json\/wp\/v2\/pages\/7632\/revisions"}],"predecessor-version":[{"id":7642,"href":"https:\/\/bijouteriefarjou.fr\/index.php\/wp-json\/wp\/v2\/pages\/7632\/revisions\/7642"}],"wp:attachment":[{"href":"https:\/\/bijouteriefarjou.fr\/index.php\/wp-json\/wp\/v2\/media?parent=7632"}],"curies":[{"name":"wp","href":"https:\/\/api.w.org\/{rel}","templated":true}]}}